{"id":684,"date":"2017-07-13T05:13:33","date_gmt":"2017-07-13T05:13:33","guid":{"rendered":"http:\/\/www.aztlan.org.ar\/cursosonline\/?page_id=684"},"modified":"2022-11-28T23:07:56","modified_gmt":"2022-11-29T02:07:56","slug":"mindfulness","status":"publish","type":"page","link":"https:\/\/www.aztlan.org.ar\/cursosonline\/mindfulness\/","title":{"rendered":"Mindfulness"},"content":{"rendered":"<div id=\"pl-684\"  class=\"panel-layout\" ><div id=\"pg-684-0\"  class=\"panel-grid panel-has-style\" ><div class=\"panel-row-style panel-row-style-for-684-0\" ><div id=\"pgc-684-0-0\"  class=\"panel-grid-cell\" ><div id=\"panel-684-0-0-0\" class=\"so-panel widget panel-first-child\" data-index=\"0\" ><\/div><div id=\"panel-684-0-0-1\" class=\"so-panel widget\" data-index=\"1\" ><\/div><div id=\"panel-684-0-0-2\" class=\"so-panel widget widget_text panel-last-child\" data-index=\"2\" >\t\t\t<div class=\"textwidget\"><div>\n<h3>\u00bfCu\u00e1l es la modalidad de los cursos?<\/h3>\n<p>Los cursos de Mindfulness a distancia constan de 8 Clases en video. Cada clase dura 50min. aproximadamente.<\/p>\n<\/div>\n<div>\n<h3>\u00bfC\u00f3mo recibo las clases?<\/h3>\n<p>&#8211; Una vez contratado el curso dentro de las 24 hs. recibir\u00e1 en su tel\u00e9fono o por e-mail usuario y contrase\u00f1a para acceder a la 1\u00b0 clase.<br \/>\n&#8211; La entrega de clases ser\u00e1 semanal. Cada 7 d\u00edas recibir\u00e1 y podr\u00e1 ver la siguiente clase.<br \/>\n&#8211; No se adelantar\u00e1n clases, entreg\u00e1ndose s\u00f3lo 1 clase semanal.<\/p>\n<\/div>\n<div>\n<h3>\u00bfC\u00f3mo es la relaci\u00f3n con el profesor tutor?<\/h3>\n<p>Se contactar\u00e1 v\u00eda e-mail con el profesor a cargo del curso, quien ser\u00e1 su profesor tutor y personalmente responder\u00e1 sus dudas.<\/p>\n<h3>\u00bfCu\u00e1l es el valor del curso?<\/h3>\n<p>&#8211; Valor por cada M\u00f3dulo de 4 clases (1 mes) U$D 150 d\u00f3lares. Abonando los 2 meses por adelantado.<br \/>\n&#8211; Valor por cada M\u00f3dulo sin descuento: U$D 190 d\u00f3lares.<\/p>\n<p>&#8211; Valor por los 2 niveles: U$D 380 d\u00f3lares<br \/>\n&#8211; Valor por los 2 niveles con descuento: U$D 300 d\u00f3lares (U$D 80 de descuento).<\/p>\n<\/div>\n<div>\n<h3>\u00bfCu\u00e1les son los medio de pago disponibles?<\/h3>\n<ul>\n<li>Transferencia bancaria<\/li>\n<li>Dep\u00f3sito bancario<\/li>\n<li>Western Union<\/li>\n<li>Mercado Pago<\/li>\n<li>Pay Pal<\/li>\n<\/ul>\n<\/div>\n<h2><\/h2>\n<h2>\u00bfCu\u00e1les son sus beneficios?<\/h2>\n<ul class=\"font18\">\n<li class=\"not-list-item\"><strong>Beneficios para la Salud<\/strong>\n<ul>\n<li>1. Aumenta la funci\u00f3n inmune<\/li>\n<li>2. Disminuye el dolor<\/li>\n<li>3. Disminuye la inflamaci\u00f3n a nivel celular<\/li>\n<\/ul>\n<\/li>\n<\/ul>\n<ul class=\"font18\">\n<li class=\"not-list-item\"><strong>Beneficios para la Mente<\/strong>\n<ul>\n<li>4. Incrementa las Emociones Positivas<\/li>\n<li>5. Disminuye la Depresi\u00f3n<\/li>\n<li>6. Disminuye la ansiedad<\/li>\n<li>7. Disminuye el estr\u00e9s<\/li>\n<\/ul>\n<\/li>\n<\/ul>\n<ul class=\"font18\">\n<li class=\"not-list-item\"><strong>Mejora tu vida social<\/strong>\n<ul>\n<li>\u00bfPiensa que la meditaci\u00f3n es una actividad solitaria? En realidad aumenta su sentido de la conexi\u00f3n con los dem\u00e1s.<\/li>\n<li>8. Aumenta la conexi\u00f3n social y la inteligencia emocional<\/li>\n<li>9. Te hace m\u00e1s compasivo<\/li>\n<li>10. Te hace sentir menos solo<\/li>\n<\/ul>\n<\/li>\n<\/ul>\n<ul class=\"font18\">\n<li class=\"not-list-item\"><strong>Autoconocimiento<\/strong>\n<ul>\n<li>11. Mejora tu habilidad para regular tus emociones<\/li>\n<li>12. Mejora tu capacidad de introspecci\u00f3n<\/li>\n<\/ul>\n<\/li>\n<\/ul>\n<\/div>\n\t\t<\/div><\/div><\/div><\/div><div id=\"pg-684-1\"  class=\"panel-grid panel-has-style\" ><div class=\"panel-row-style panel-row-style-for-684-1\" ><div id=\"pgc-684-1-0\"  class=\"panel-grid-cell\" ><div id=\"panel-684-1-0-0\" class=\"so-panel widget panel-first-child panel-last-child\" data-index=\"3\" ><div class=\"panel-widget-style panel-widget-style-for-684-1-0-0\" ><\/div><\/div><\/div><div id=\"pgc-684-1-1\"  class=\"panel-grid-cell\" ><div id=\"panel-684-1-1-0\" class=\"so-panel widget widget_text panel-first-child panel-last-child\" data-index=\"4\" ><div class=\"panel-widget-style panel-widget-style-for-684-1-1-0\" >\t\t\t<div class=\"textwidget\"><p>Valor del curso USD 380<\/p>\n<\/div>\n\t\t<\/div><\/div><\/div><\/div><\/div><\/div><!-- AddThis Advanced Settings generic via filter on the_content --><!-- AddThis Share Buttons generic via filter on the_content -->","protected":false},"excerpt":{"rendered":"<p>\u00bfCu\u00e1l es la modalidad de los cursos? Los cursos de Mindfulness a distancia constan de 8 Clases en video. Cada clase dura 50min. aproximadamente. \u00bfC\u00f3mo recibo las clases? &#8211; Una vez contratado el curso dentro de las 24 hs. recibir\u00e1 en su tel\u00e9fono o por e-mail usuario y contrase\u00f1a para acceder a la 1\u00b0 clase. [&hellip;]<!-- AddThis Advanced Settings generic via filter on get_the_excerpt --><!-- AddThis Share Buttons generic via filter on get_the_excerpt --><\/p>\n","protected":false},"author":1,"featured_media":0,"parent":0,"menu_order":0,"comment_status":"closed","ping_status":"closed","template":"","meta":{"footnotes":""},"class_list":["post-684","page","type-page","status-publish","hentry"],"_links":{"self":[{"href":"https:\/\/www.aztlan.org.ar\/cursosonline\/wp-json\/wp\/v2\/pages\/684","targetHints":{"allow":["GET"]}}],"collection":[{"href":"https:\/\/www.aztlan.org.ar\/cursosonline\/wp-json\/wp\/v2\/pages"}],"about":[{"href":"https:\/\/www.aztlan.org.ar\/cursosonline\/wp-json\/wp\/v2\/types\/page"}],"author":[{"embeddable":true,"href":"https:\/\/www.aztlan.org.ar\/cursosonline\/wp-json\/wp\/v2\/users\/1"}],"replies":[{"embeddable":true,"href":"https:\/\/www.aztlan.org.ar\/cursosonline\/wp-json\/wp\/v2\/comments?post=684"}],"version-history":[{"count":70,"href":"https:\/\/www.aztlan.org.ar\/cursosonline\/wp-json\/wp\/v2\/pages\/684\/revisions"}],"predecessor-version":[{"id":2315,"href":"https:\/\/www.aztlan.org.ar\/cursosonline\/wp-json\/wp\/v2\/pages\/684\/revisions\/2315"}],"wp:attachment":[{"href":"https:\/\/www.aztlan.org.ar\/cursosonline\/wp-json\/wp\/v2\/media?parent=684"}],"curies":[{"name":"wp","href":"https:\/\/api.w.org\/{rel}","templated":true}]}}