{"id":609,"date":"2017-07-11T19:49:38","date_gmt":"2017-07-11T19:49:38","guid":{"rendered":"http:\/\/www.aztlan.org.ar\/cursosonline\/?page_id=609"},"modified":"2022-11-28T23:29:15","modified_gmt":"2022-11-29T02:29:15","slug":"meditacion","status":"publish","type":"page","link":"https:\/\/www.aztlan.org.ar\/cursosonline\/meditacion\/","title":{"rendered":"Meditaci\u00f3n"},"content":{"rendered":"<div id=\"pl-609\"  class=\"panel-layout\" ><div id=\"pg-609-0\"  class=\"panel-grid panel-has-style\" ><div class=\"panel-row-style panel-row-style-for-609-0\" ><div id=\"pgc-609-0-0\"  class=\"panel-grid-cell\" ><div id=\"panel-609-0-0-0\" class=\"so-panel widget panel-first-child\" data-index=\"0\" ><\/div><div id=\"panel-609-0-0-1\" class=\"so-panel widget\" data-index=\"1\" ><\/div><div id=\"panel-609-0-0-2\" class=\"so-panel widget widget_text panel-last-child\" data-index=\"2\" >\t\t\t<div class=\"textwidget\"><div>\n<h3>\u00bfCu\u00e1l es la modalidad de los cursos?<\/h3>\n<p>Los cursos de Meditaci\u00f3n a distancia constan de 8 Clases en video. Cada clase dura 50min. aproximadamente.<\/p>\n<\/div>\n<div>\n<h3>\u00bfC\u00f3mo recibo las clases?<\/h3>\n<p>&#8211; Una vez contratado el curso dentro de las 24 hs. recibir\u00e1 en su tel\u00e9fono o por e-mail usuario y contrase\u00f1a para acceder a la 1\u00b0 clase.<br \/>\n&#8211; La entrega de clases ser\u00e1 semanal. Cada 7 d\u00edas recibir\u00e1 y podr\u00e1 ver la siguiente clase.<br \/>\n&#8211; No se adelantar\u00e1n clases, entreg\u00e1ndose s\u00f3lo 1 clase semanal.<\/p>\n<\/div>\n<div>\n<h3>\u00bfCu\u00e1l es el valor del curso?<\/h3>\n<p>&#8211; Valor por cada M\u00f3dulo de 4 clases (1 mes) U$D 150 d\u00f3lares. Abonando los 2 meses por adelantado.<br \/>\n&#8211; Valor por cada M\u00f3dulo sin descuento: U$D 190 d\u00f3lares.<\/p>\n<p>&#8211; Valor por los 2 niveles: U$D 380 d\u00f3lares<br \/>\n&#8211; Valor por los 2 niveles con descuento: U$D 300 d\u00f3lares (U$D 80 de descuento).<\/p>\n<h3>\u00bfC\u00f3mo es la relaci\u00f3n con el profesor tutor?<\/h3>\n<p>Se contactar\u00e1 v\u00eda e-mail con el profesor a cargo del curso, quien ser\u00e1 su profesor tutor y personalmente responder\u00e1 sus dudas.<\/p>\n<\/div>\n<div>\n<h3>\u00bfCu\u00e1les son los medio de pago disponibles?<\/h3>\n<ul>\n<li>Transferencia bancaria<\/li>\n<li>Dep\u00f3sito bancario<\/li>\n<li>Western Union<\/li>\n<li>Mercado Pago<\/li>\n<li>PayPal<\/li>\n<\/ul>\n<\/div>\n<h2><\/h2>\n<h2>Programa<\/h2>\n<ul>\n<li>\u00bfQu\u00e9 es Meditaci\u00f3n?<\/li>\n<li>Objetivos de la Meditaci\u00f3n<\/li>\n<li>Descripci\u00f3n del esquema de la Personalidad en la Psicolog\u00eda de lo Inconsciente Colectivo de Carl G. Jung.<\/li>\n<li>Introducci\u00f3n a las Funciones Psicol\u00f3gicas seg\u00fan la descripci\u00f3n de George I. Gurdjieff.<\/li>\n<li>El Centro Motriz: Conscientizaci\u00f3n de la relaci\u00f3n con nuestro cuerpo y descripci\u00f3n de distintas posturas corporales para la pr\u00e1ctica.<\/li>\n<li>El Centro Emocional: estudio de la din\u00e1mica emocional y clasificaci\u00f3n de las emociones.<\/li>\n<li>El Centro Intelectual: estudio de la estructura del pensar. La importancia de su desarrollo para la concentraci\u00f3n.<\/li>\n<li>Meditaci\u00f3n Pranayama Hind\u00fa: Combinaci\u00f3n de t\u00e9cnicas de concentraci\u00f3n.<\/li>\n<li>Meditaci\u00f3n Gn\u00f3stica Cristiana: Pr\u00e1cticas de Oraci\u00f3n comprendiendo el profundo sentido psicol\u00f3gico de las palabras empleadas.<\/li>\n<li>Meditaci\u00f3n Zen Budista: Registro profundo del cuerpo, la respiraci\u00f3n y la no identificaci\u00f3n con los procesos mentales y f\u00edsicos.<\/li>\n<li>Meditaci\u00f3n Vipasana Budista: Ver las cosas tal y como son en realidad. Es un proceso de auto-purificaci\u00f3n mediante la auto-observaci\u00f3n.<\/li>\n<li>Meditaci\u00f3n de Imaginaci\u00f3n Activa: T\u00e9cnica de Carl G. Jung para adentrarse de forma guiada en el propio Inconsciente.<\/li>\n<\/ul>\n<\/div>\n\t\t<\/div><\/div><\/div><\/div><div id=\"pg-609-1\"  class=\"panel-grid panel-has-style\" ><div class=\"panel-row-style panel-row-style-for-609-1\" ><div id=\"pgc-609-1-0\"  class=\"panel-grid-cell\" ><div id=\"panel-609-1-0-0\" class=\"so-panel widget panel-first-child panel-last-child\" data-index=\"3\" ><div class=\"panel-widget-style panel-widget-style-for-609-1-0-0\" ><\/div><\/div><\/div><div id=\"pgc-609-1-1\"  class=\"panel-grid-cell\" ><div id=\"panel-609-1-1-0\" class=\"so-panel widget widget_text panel-first-child panel-last-child\" data-index=\"4\" ><div class=\"panel-widget-style panel-widget-style-for-609-1-1-0\" >\t\t\t<div class=\"textwidget\"><p>Valor del curso USD 380<\/p>\n<\/div>\n\t\t<\/div><\/div><\/div><\/div><\/div><\/div><!-- AddThis Advanced Settings generic via filter on the_content --><!-- AddThis Share Buttons generic via filter on the_content -->","protected":false},"excerpt":{"rendered":"<p>\u00bfCu\u00e1l es la modalidad de los cursos? Los cursos de Meditaci\u00f3n a distancia constan de 8 Clases en video. Cada clase dura 50min. aproximadamente. \u00bfC\u00f3mo recibo las clases? &#8211; Una vez contratado el curso dentro de las 24 hs. recibir\u00e1 en su tel\u00e9fono o por e-mail usuario y contrase\u00f1a para acceder a la 1\u00b0 clase. [&hellip;]<!-- AddThis Advanced Settings generic via filter on get_the_excerpt --><!-- AddThis Share Buttons generic via filter on get_the_excerpt --><\/p>\n","protected":false},"author":1,"featured_media":0,"parent":0,"menu_order":0,"comment_status":"closed","ping_status":"closed","template":"","meta":{"footnotes":""},"class_list":["post-609","page","type-page","status-publish","hentry"],"_links":{"self":[{"href":"https:\/\/www.aztlan.org.ar\/cursosonline\/wp-json\/wp\/v2\/pages\/609","targetHints":{"allow":["GET"]}}],"collection":[{"href":"https:\/\/www.aztlan.org.ar\/cursosonline\/wp-json\/wp\/v2\/pages"}],"about":[{"href":"https:\/\/www.aztlan.org.ar\/cursosonline\/wp-json\/wp\/v2\/types\/page"}],"author":[{"embeddable":true,"href":"https:\/\/www.aztlan.org.ar\/cursosonline\/wp-json\/wp\/v2\/users\/1"}],"replies":[{"embeddable":true,"href":"https:\/\/www.aztlan.org.ar\/cursosonline\/wp-json\/wp\/v2\/comments?post=609"}],"version-history":[{"count":42,"href":"https:\/\/www.aztlan.org.ar\/cursosonline\/wp-json\/wp\/v2\/pages\/609\/revisions"}],"predecessor-version":[{"id":2327,"href":"https:\/\/www.aztlan.org.ar\/cursosonline\/wp-json\/wp\/v2\/pages\/609\/revisions\/2327"}],"wp:attachment":[{"href":"https:\/\/www.aztlan.org.ar\/cursosonline\/wp-json\/wp\/v2\/media?parent=609"}],"curies":[{"name":"wp","href":"https:\/\/api.w.org\/{rel}","templated":true}]}}