{"id":602,"date":"2017-07-11T19:29:50","date_gmt":"2017-07-11T19:29:50","guid":{"rendered":"http:\/\/www.aztlan.org.ar\/cursosonline\/?page_id=602"},"modified":"2022-11-28T23:36:49","modified_gmt":"2022-11-29T02:36:49","slug":"eneagrama","status":"publish","type":"page","link":"https:\/\/www.aztlan.org.ar\/cursosonline\/eneagrama\/","title":{"rendered":"Eneagrama"},"content":{"rendered":"<div id=\"pl-602\"  class=\"panel-layout\" ><div id=\"pg-602-0\"  class=\"panel-grid panel-has-style\" ><div class=\"panel-row-style panel-row-style-for-602-0\" ><div id=\"pgc-602-0-0\"  class=\"panel-grid-cell\" ><div id=\"panel-602-0-0-0\" class=\"so-panel widget panel-first-child\" data-index=\"0\" ><\/div><div id=\"panel-602-0-0-1\" class=\"so-panel widget panel-last-child\" data-index=\"1\" ><\/div><\/div><\/div><\/div><div id=\"pg-602-1\"  class=\"panel-grid panel-no-style\" ><div id=\"pgc-602-1-0\"  class=\"panel-grid-cell\" ><div id=\"panel-602-1-0-0\" class=\"so-panel widget widget_text panel-first-child\" data-index=\"2\" >\t\t\t<div class=\"textwidget\"><div>\n<h3>\u00bfCu\u00e1l es la modalidad de los cursos?<\/h3>\n<p>Los cursos de Eneagrama a distancia constan de 8 Clases en video. Cada clase dura 50min. aproximadamente.<\/p>\n<\/div>\n<div>\n<h3>\u00bfC\u00f3mo recibo las clases?<\/h3>\n<p>Una vez contratado el curso dentro de las 24 hs. recibir\u00e1 en su tel\u00e9fono o por e-mail usuario y contrase\u00f1a para acceder a la 1\u00b0 clase.<br \/>\nLa entrega de clases ser\u00e1 semanal. Cada 7 d\u00edas recibir\u00e1 y podr\u00e1 ver la siguiente clase.<br \/>\nNo se adelantar\u00e1n clases, entreg\u00e1ndose s\u00f3lo 1 clase semanal.<\/p>\n<\/div>\n<div>\n<h3>\u00bfC\u00f3mo es la relaci\u00f3n con el profesor tutor?<\/h3>\n<p>Se contactar\u00e1 v\u00eda e-mail con el profesor a cargo del curso, quien ser\u00e1 su profesor tutor y personalmente responder\u00e1 sus dudas.<\/p>\n<h3>\u00bfCu\u00e1l es el valor del curso?<\/h3>\n<p>&#8211; Valor por cada M\u00f3dulo de 4 clases (1 mes) U$D 150 d\u00f3lares. Abonando los 2 meses por adelantado.<br \/>\n&#8211; Valor por cada M\u00f3dulo sin descuento: U$D 190 d\u00f3lares.<\/p>\n<p>&#8211; Valor por los 2 niveles: U$D 380 d\u00f3lares<br \/>\n&#8211; Valor por los 2 niveles con descuento: U$D 300 d\u00f3lares (U$D 80 de descuento).<\/p>\n<\/div>\n<div>\n<h3>\u00bfCu\u00e1les son los medio de pago disponibles?<\/h3>\n<ul>\n<li>Transferencia bancaria<\/li>\n<li>Dep\u00f3sito bancario<\/li>\n<li>Western Union<\/li>\n<li>Mercado Pago<\/li>\n<li>PayPal<\/li>\n<\/ul>\n<\/div>\n<\/div>\n\t\t<\/div><div id=\"panel-602-1-0-1\" class=\"so-panel widget widget_text panel-last-child\" data-index=\"3\" >\t\t\t<div class=\"textwidget\"><h2>Programa<\/h2>\n<ul class=\"unstyled\">\n<li>El Eneagrama seg\u00fan el Cuarto Camino<\/li>\n<li>Hacia una Consciencia \u00c9tica seg\u00fan nueve principios o Arquetipos<\/li>\n<li>La Ley de Octava<\/li>\n<li>El Rayo de creaci\u00f3n y la tabla alqu\u00edmica de sustancias desde lo Universal a lo Particular<\/li>\n<li>El Ascenso de la consciencia humana en el Orden Universal<\/li>\n<li>Los nueve sufrimientos in\u00fatiles<\/li>\n<li>Las nueve compensaciones vac\u00edas que perpet\u00faan el sufrimiento<\/li>\n<li>Las nueve Virtudes Emancipadoras y Transpersonales<\/li>\n<li>Ejercicios propuestos para la \u00abMetanoia\u00bb o cambio de mentalidad<\/li>\n<li>El doce otro n\u00famero sagrado complementario al 9<\/li>\n<li>Eneagrama y Astrolog\u00eda<\/li>\n<li>La consciencia expandida a toda la humanidad como octava superior<\/li>\n<\/ul>\n<\/div>\n\t\t<\/div><\/div><\/div><div id=\"pg-602-2\"  class=\"panel-grid panel-no-style\" ><div id=\"pgc-602-2-0\"  class=\"panel-grid-cell\" ><div id=\"panel-602-2-0-0\" class=\"so-panel widget panel-first-child panel-last-child\" data-index=\"4\" ><div class=\"panel-widget-style panel-widget-style-for-602-2-0-0\" ><\/div><\/div><\/div><div id=\"pgc-602-2-1\"  class=\"panel-grid-cell\" ><div id=\"panel-602-2-1-0\" class=\"so-panel widget widget_text panel-first-child panel-last-child\" data-index=\"5\" ><div class=\"panel-widget-style panel-widget-style-for-602-2-1-0\" >\t\t\t<div class=\"textwidget\"><p>Valor del curso USD 175<\/p>\n<\/div>\n\t\t<\/div><\/div><\/div><\/div><\/div><!-- AddThis Advanced Settings generic via filter on the_content --><!-- AddThis Share Buttons generic via filter on the_content -->","protected":false},"excerpt":{"rendered":"<p>\u00bfCu\u00e1l es la modalidad de los cursos? Los cursos de Eneagrama a distancia constan de 8 Clases en video. Cada clase dura 50min. aproximadamente. \u00bfC\u00f3mo recibo las clases? Una vez contratado el curso dentro de las 24 hs. recibir\u00e1 en su tel\u00e9fono o por e-mail usuario y contrase\u00f1a para acceder a la 1\u00b0 clase. La [&hellip;]<!-- AddThis Advanced Settings generic via filter on get_the_excerpt --><!-- AddThis Share Buttons generic via filter on get_the_excerpt --><\/p>\n","protected":false},"author":1,"featured_media":0,"parent":0,"menu_order":0,"comment_status":"closed","ping_status":"closed","template":"","meta":{"footnotes":""},"class_list":["post-602","page","type-page","status-publish","hentry"],"_links":{"self":[{"href":"https:\/\/www.aztlan.org.ar\/cursosonline\/wp-json\/wp\/v2\/pages\/602","targetHints":{"allow":["GET"]}}],"collection":[{"href":"https:\/\/www.aztlan.org.ar\/cursosonline\/wp-json\/wp\/v2\/pages"}],"about":[{"href":"https:\/\/www.aztlan.org.ar\/cursosonline\/wp-json\/wp\/v2\/types\/page"}],"author":[{"embeddable":true,"href":"https:\/\/www.aztlan.org.ar\/cursosonline\/wp-json\/wp\/v2\/users\/1"}],"replies":[{"embeddable":true,"href":"https:\/\/www.aztlan.org.ar\/cursosonline\/wp-json\/wp\/v2\/comments?post=602"}],"version-history":[{"count":59,"href":"https:\/\/www.aztlan.org.ar\/cursosonline\/wp-json\/wp\/v2\/pages\/602\/revisions"}],"predecessor-version":[{"id":2341,"href":"https:\/\/www.aztlan.org.ar\/cursosonline\/wp-json\/wp\/v2\/pages\/602\/revisions\/2341"}],"wp:attachment":[{"href":"https:\/\/www.aztlan.org.ar\/cursosonline\/wp-json\/wp\/v2\/media?parent=602"}],"curies":[{"name":"wp","href":"https:\/\/api.w.org\/{rel}","templated":true}]}}