{"id":598,"date":"2017-07-11T19:12:41","date_gmt":"2017-07-11T19:12:41","guid":{"rendered":"http:\/\/www.aztlan.org.ar\/cursosonline\/?page_id=598"},"modified":"2022-04-18T03:42:31","modified_gmt":"2022-04-18T03:42:31","slug":"astrologia","status":"publish","type":"page","link":"https:\/\/www.aztlan.org.ar\/cursosonline\/astrologia\/","title":{"rendered":"Astrolog\u00eda: Ciencia de las Energ\u00edas"},"content":{"rendered":"<div id=\"pl-598\"  class=\"panel-layout\" ><div id=\"pg-598-0\"  class=\"panel-grid panel-has-style\" ><div class=\"panel-row-style panel-row-style-for-598-0\" ><div id=\"pgc-598-0-0\"  class=\"panel-grid-cell\" ><div id=\"panel-598-0-0-0\" class=\"so-panel widget panel-first-child\" data-index=\"0\" ><\/div><div id=\"panel-598-0-0-1\" class=\"so-panel widget panel-last-child\" data-index=\"1\" ><\/div><\/div><\/div><\/div><div id=\"pg-598-1\"  class=\"panel-grid panel-no-style\" ><div id=\"pgc-598-1-0\"  class=\"panel-grid-cell\" ><div id=\"panel-598-1-0-0\" class=\"so-panel widget widget_text panel-first-child panel-last-child\" data-index=\"2\" >\t\t\t<div class=\"textwidget\"><div><\/div>\n<div>\n<h3>\u00bfCu\u00e1l es la modalidad de los cursos?<\/h3>\n<p>Los cursos de Astrolog\u00eda K\u00e1rmica a distancia constan de 12 Clases en video. Cada clase dura 50min. aproximadamente.<\/p>\n<\/div>\n<div>\n<h3>\u00bfC\u00f3mo recibo las clases?<\/h3>\n<p>&#8211; Una vez contratado el curso dentro de las 24 hs. recibir\u00e1 en su tel\u00e9fono o por e-mail usuario y contrase\u00f1a para acceder a la 1\u00b0 clase.<br \/>\n&#8211; La entrega de clases ser\u00e1 semanal. Cada 7 d\u00edas recibir\u00e1 y podr\u00e1 ver la siguiente clase.<br \/>\n&#8211; No se adelantar\u00e1n clases, entreg\u00e1ndose s\u00f3lo 1 clase semanal.<\/p>\n<\/div>\n<div>\n<h3>\u00bfC\u00f3mo es la relaci\u00f3n con el profesor tutor?<\/h3>\n<p>Se contactar\u00e1 v\u00eda e-mail con el profesor a cargo del curso, quien ser\u00e1 su profesor tutor y personalmente responder\u00e1 sus dudas.<\/p>\n<h3>\u00bfCu\u00e1l es el valor del curso?<\/h3>\n<p>U$S 450<\/p>\n<\/div>\n<div>\n<h3>\u00bfCu\u00e1les son los medio de pago disponibles?<\/h3>\n<ul>\n<li>Transferencia bancaria<\/li>\n<li>Dep\u00f3sito bancario<\/li>\n<li>Western Union<\/li>\n<li>Mercado Pago<\/li>\n<li>Pay Pal<\/li>\n<\/ul>\n<\/div>\n<\/div>\n\t\t<\/div><\/div><\/div><div id=\"pg-598-2\"  class=\"panel-grid panel-no-style\" ><div id=\"pgc-598-2-0\"  class=\"panel-grid-cell\" ><div id=\"panel-598-2-0-0\" class=\"so-panel widget widget_text panel-first-child panel-last-child\" data-index=\"3\" >\t\t\t<div class=\"textwidget\"><h2>Programa:<\/h2>\n<ul>\n<li>Introducci\u00f3n a la Astrolog\u00eda: Or\u00edgenes, su fundamento Psicol\u00f3gico-Filos\u00f3fico.<\/li>\n<li>El Zod\u00edaco: los 12 campos energ\u00e9ticos. Las cualidades o Cuatriplicidades. Caracter\u00edsticas de los 12 signos.<\/li>\n<li>Los planetas: las funciones b\u00e1sicas del ser humano. Caracter\u00edsticas de los 10 planetas. Arquetipos del Inconsciente colectivo de Jung.<\/li>\n<li>Las casas o sectores terrestres. Caracter\u00edsticas de los 12 sectores terrestres. Ascendente\/Descendente. Medio Cielo\/Fondo Cielo.<\/li>\n<li>Los Aspectos planetarios. Definici\u00f3n de los aspectos. Aspectos mayores y Aspectos sutiles.<\/li>\n<li>Pr\u00e1cticas de Interpretaci\u00f3n (1\u00ba nivel). Pasos a seguir: Bases interpretativas. Tipos de Carta natal.<\/li>\n<li>Los Hemisferios Superior e Inferior; Oriental y Occidental. Reparto planetario. Sobre el horizonte. Bajo el horizonte. Los cuadrantes 1,2,3 y 4. Ejemplos de personajes famosos.<\/li>\n<li>Equilibrio y desequilibrio de los Elementos. Falta y \u00e9nfasis.<\/li>\n<li>El Ascendente. La clave para su interpretaci\u00f3n. Los planetas en la casa uno. El Medio Cielo.<\/li>\n<li>Las doce lunas en los signos.<\/li>\n<li>Introducci\u00f3n a los Planetas Transpersonales en la Carta Natal. Los Nodos Lunares, el Eje del Karma.<\/li>\n<li>Gu\u00eda de interpretaci\u00f3n de la Carta natal. Visi\u00f3n general. Visi\u00f3n detallada. La Carta natal como una Totalidad.<\/li>\n<\/ul>\n<\/div>\n\t\t<\/div><\/div><\/div><div id=\"pg-598-3\"  class=\"panel-grid panel-no-style\" ><div id=\"pgc-598-3-0\"  class=\"panel-grid-cell\" ><div id=\"panel-598-3-0-0\" class=\"so-panel widget panel-first-child panel-last-child\" data-index=\"4\" ><div class=\"panel-widget-style panel-widget-style-for-598-3-0-0\" ><\/div><\/div><\/div><div id=\"pgc-598-3-1\"  class=\"panel-grid-cell\" ><div id=\"panel-598-3-1-0\" class=\"so-panel widget widget_text panel-first-child panel-last-child\" data-index=\"5\" ><div class=\"panel-widget-style panel-widget-style-for-598-3-1-0\" >\t\t\t<div class=\"textwidget\"><p class=\"p1\">Valor del curso USD 450<\/p>\n<\/div>\n\t\t<\/div><\/div><\/div><\/div><\/div><!-- AddThis Advanced Settings generic via filter on the_content --><!-- AddThis Share Buttons generic via filter on the_content -->","protected":false},"excerpt":{"rendered":"<p>\u00bfCu\u00e1l es la modalidad de los cursos? Los cursos de Astrolog\u00eda K\u00e1rmica a distancia constan de 12 Clases en video. Cada clase dura 50min. aproximadamente. \u00bfC\u00f3mo recibo las clases? &#8211; Una vez contratado el curso dentro de las 24 hs. recibir\u00e1 en su tel\u00e9fono o por e-mail usuario y contrase\u00f1a para acceder a la 1\u00b0 [&hellip;]<!-- AddThis Advanced Settings generic via filter on get_the_excerpt --><!-- AddThis Share Buttons generic via filter on get_the_excerpt --><\/p>\n","protected":false},"author":1,"featured_media":0,"parent":0,"menu_order":0,"comment_status":"closed","ping_status":"closed","template":"","meta":{"footnotes":""},"class_list":["post-598","page","type-page","status-publish","hentry"],"_links":{"self":[{"href":"https:\/\/www.aztlan.org.ar\/cursosonline\/wp-json\/wp\/v2\/pages\/598","targetHints":{"allow":["GET"]}}],"collection":[{"href":"https:\/\/www.aztlan.org.ar\/cursosonline\/wp-json\/wp\/v2\/pages"}],"about":[{"href":"https:\/\/www.aztlan.org.ar\/cursosonline\/wp-json\/wp\/v2\/types\/page"}],"author":[{"embeddable":true,"href":"https:\/\/www.aztlan.org.ar\/cursosonline\/wp-json\/wp\/v2\/users\/1"}],"replies":[{"embeddable":true,"href":"https:\/\/www.aztlan.org.ar\/cursosonline\/wp-json\/wp\/v2\/comments?post=598"}],"version-history":[{"count":122,"href":"https:\/\/www.aztlan.org.ar\/cursosonline\/wp-json\/wp\/v2\/pages\/598\/revisions"}],"predecessor-version":[{"id":2181,"href":"https:\/\/www.aztlan.org.ar\/cursosonline\/wp-json\/wp\/v2\/pages\/598\/revisions\/2181"}],"wp:attachment":[{"href":"https:\/\/www.aztlan.org.ar\/cursosonline\/wp-json\/wp\/v2\/media?parent=598"}],"curies":[{"name":"wp","href":"https:\/\/api.w.org\/{rel}","templated":true}]}}