{"id":594,"date":"2017-07-11T19:07:07","date_gmt":"2017-07-11T19:07:07","guid":{"rendered":"http:\/\/www.aztlan.org.ar\/cursosonline\/?page_id=594"},"modified":"2022-04-18T04:23:49","modified_gmt":"2022-04-18T04:23:49","slug":"mandalas","status":"publish","type":"page","link":"https:\/\/www.aztlan.org.ar\/cursosonline\/mandalas\/","title":{"rendered":"Mandalas"},"content":{"rendered":"<div id=\"pl-594\"  class=\"panel-layout\" ><div id=\"pg-594-0\"  class=\"panel-grid panel-has-style\" ><div class=\"panel-row-style panel-row-style-for-594-0\" ><div id=\"pgc-594-0-0\"  class=\"panel-grid-cell\" ><div id=\"panel-594-0-0-0\" class=\"so-panel widget panel-first-child\" data-index=\"0\" ><\/div><div id=\"panel-594-0-0-1\" class=\"so-panel widget\" data-index=\"1\" ><\/div><div id=\"panel-594-0-0-2\" class=\"so-panel widget widget_text panel-last-child\" data-index=\"2\" >\t\t\t<div class=\"textwidget\"><div>\n<h3>\u00bfCu\u00e1l es la modalidad de los cursos?<\/h3>\n<p>Los cursos de Mandalas a distancia constan de 8 Clases en video. Cada clase dura 50min. aproximadamente.<\/p>\n<\/div>\n<div>\n<h3>\u00bfC\u00f3mo recibo las clases?<\/h3>\n<p>Una vez contratado el curso dentro de las 24 hs. recibir\u00e1 en su tel\u00e9fono o por e-mail usuario y contrase\u00f1a para acceder a la 1\u00b0 clase.<br \/>\nLa entrega de clases ser\u00e1 semanal. Cada 7 d\u00edas recibir\u00e1 y podr\u00e1 ver la siguiente clase.<br \/>\nNo se adelantar\u00e1n clases, entreg\u00e1ndose s\u00f3lo 1 clase semanal.<\/p>\n<\/div>\n<div>\n<h3>\u00bfC\u00f3mo es la relaci\u00f3n con el profesor tutor?<\/h3>\n<p>Se contactar\u00e1 v\u00eda e-mail con el profesor a cargo del curso, quien ser\u00e1 su profesor tutor y personalmente responder\u00e1 sus dudas.<\/p>\n<h3>\u00bfCu\u00e1l es el valor del curso?<\/h3>\n<p>U$S 360<\/p>\n<\/div>\n<div>\n<h3>\u00bfCu\u00e1les son los medio de pago disponibles?<\/h3>\n<ul>\n<li>Transferencia bancaria<\/li>\n<li>Dep\u00f3sito bancario<\/li>\n<li>Western Union<\/li>\n<li>Mercado Pago<\/li>\n<li>Pay Pal<\/li>\n<\/ul>\n<\/div>\n<h2><\/h2>\n<h2>Programa<\/h2>\n<ul>\n<li>El Mandala como Psicocosmograma y el Mandala en su uso individual.<\/li>\n<li>El Mandala en la historia del hombre.<\/li>\n<li>Geometr\u00eda Sagrada. Los poli\u00e9dros regulares y su significado como representaci\u00f3n de procesos psicol{ogicos.<\/li>\n<li>Clasificaci\u00f3n de los colores como representaci\u00f3n de estados an\u00edmicos.<\/li>\n<li>Coloreando mandalas.<\/li>\n<li>Formas y S\u00edmbolos arquet\u00edpicos en los Mandalas. Perspectiva Junguiana acerca de la simbolog\u00eda arquet\u00edpica.<\/li>\n<li>Armonizando nuestros cuatro lados. Las cuatro funciones psicol\u00f3gicas seg\u00fan Jung y la Cuaternidad presente en el Mandala.<\/li>\n<li>La conscientizaci\u00f3n de la Sombra. Aprender a dominar el cuerpo.<\/li>\n<li>La uni\u00f3n de los opuestos en nosotros. Lo femenino y lo masculino.<\/li>\n<li>Identificaci\u00f3n de las Emociones Negativas en nuestro car\u00e1cter que obstaculizan la elaboraci\u00f3n del Mandala.<\/li>\n<li>Elaboraci\u00f3n del propio Mandala.<\/li>\n<li>Mandala y Meditaci\u00f3n.<\/li>\n<\/ul>\n<\/div>\n\t\t<\/div><\/div><\/div><\/div><div id=\"pg-594-1\"  class=\"panel-grid panel-has-style\" ><div class=\"panel-row-style panel-row-style-for-594-1\" ><div id=\"pgc-594-1-0\"  class=\"panel-grid-cell\" ><div id=\"panel-594-1-0-0\" class=\"so-panel widget panel-first-child panel-last-child\" data-index=\"3\" ><div class=\"panel-widget-style panel-widget-style-for-594-1-0-0\" ><\/div><\/div><\/div><div id=\"pgc-594-1-1\"  class=\"panel-grid-cell\" ><div id=\"panel-594-1-1-0\" class=\"so-panel widget widget_text panel-first-child panel-last-child\" data-index=\"4\" ><div class=\"panel-widget-style panel-widget-style-for-594-1-1-0\" >\t\t\t<div class=\"textwidget\"><p>Valor del curso USD 175<\/p>\n<\/div>\n\t\t<\/div><\/div><\/div><\/div><\/div><\/div><!-- AddThis Advanced Settings generic via filter on the_content --><!-- AddThis Share Buttons generic via filter on the_content -->","protected":false},"excerpt":{"rendered":"<p>\u00bfCu\u00e1l es la modalidad de los cursos? Los cursos de Mandalas a distancia constan de 8 Clases en video. Cada clase dura 50min. aproximadamente. \u00bfC\u00f3mo recibo las clases? Una vez contratado el curso dentro de las 24 hs. recibir\u00e1 en su tel\u00e9fono o por e-mail usuario y contrase\u00f1a para acceder a la 1\u00b0 clase. La [&hellip;]<!-- AddThis Advanced Settings generic via filter on get_the_excerpt --><!-- AddThis Share Buttons generic via filter on get_the_excerpt --><\/p>\n","protected":false},"author":1,"featured_media":0,"parent":0,"menu_order":0,"comment_status":"closed","ping_status":"closed","template":"","meta":{"footnotes":""},"class_list":["post-594","page","type-page","status-publish","hentry"],"_links":{"self":[{"href":"https:\/\/www.aztlan.org.ar\/cursosonline\/wp-json\/wp\/v2\/pages\/594","targetHints":{"allow":["GET"]}}],"collection":[{"href":"https:\/\/www.aztlan.org.ar\/cursosonline\/wp-json\/wp\/v2\/pages"}],"about":[{"href":"https:\/\/www.aztlan.org.ar\/cursosonline\/wp-json\/wp\/v2\/types\/page"}],"author":[{"embeddable":true,"href":"https:\/\/www.aztlan.org.ar\/cursosonline\/wp-json\/wp\/v2\/users\/1"}],"replies":[{"embeddable":true,"href":"https:\/\/www.aztlan.org.ar\/cursosonline\/wp-json\/wp\/v2\/comments?post=594"}],"version-history":[{"count":46,"href":"https:\/\/www.aztlan.org.ar\/cursosonline\/wp-json\/wp\/v2\/pages\/594\/revisions"}],"predecessor-version":[{"id":2248,"href":"https:\/\/www.aztlan.org.ar\/cursosonline\/wp-json\/wp\/v2\/pages\/594\/revisions\/2248"}],"wp:attachment":[{"href":"https:\/\/www.aztlan.org.ar\/cursosonline\/wp-json\/wp\/v2\/media?parent=594"}],"curies":[{"name":"wp","href":"https:\/\/api.w.org\/{rel}","templated":true}]}}