{"id":590,"date":"2017-07-11T19:00:29","date_gmt":"2017-07-11T19:00:29","guid":{"rendered":"http:\/\/www.aztlan.org.ar\/cursosonline\/?page_id=590"},"modified":"2022-11-28T23:57:14","modified_gmt":"2022-11-29T02:57:14","slug":"psicologia-arquetipica-de-carl-g-jung","status":"publish","type":"page","link":"https:\/\/www.aztlan.org.ar\/cursosonline\/psicologia-arquetipica-de-carl-g-jung\/","title":{"rendered":"Psicolog\u00eda Arquet\u00edpica de Carl G. Jung"},"content":{"rendered":"<div id=\"pl-590\"  class=\"panel-layout\" ><div id=\"pg-590-0\"  class=\"panel-grid panel-has-style\" ><div class=\"panel-row-style panel-row-style-for-590-0\" ><div id=\"pgc-590-0-0\"  class=\"panel-grid-cell\" ><div id=\"panel-590-0-0-0\" class=\"so-panel widget panel-first-child\" data-index=\"0\" ><\/div><div id=\"panel-590-0-0-1\" class=\"so-panel widget\" data-index=\"1\" ><\/div><div id=\"panel-590-0-0-2\" class=\"so-panel widget widget_text panel-last-child\" data-index=\"2\" >\t\t\t<div class=\"textwidget\"><div>\n<h3>\u00bfCu\u00e1l es la modalidad de los cursos?<\/h3>\n<p>Los cursos de Psicolog\u00eda Arquet\u00edpica de Carl G. Jung a distancia constan de 12 Clases en video. Cada clase dura 50min. aproximadamente.<\/p>\n<\/div>\n<div>\n<h3>\u00bfC\u00f3mo recibo las clases?<\/h3>\n<p>Podr\u00e1 descargar las clases semanalmente desde nuestro sitio web con su usuario.<\/p>\n<\/div>\n<div>\n<h3>\u00bfC\u00f3mo es la relaci\u00f3n con el profesor tutor?<\/h3>\n<p>Se contactar\u00e1 v\u00eda e-mail con el profesor a cargo del curso, quien ser\u00e1 su profesor tutor y personalmente responder\u00e1 sus dudas.<\/p>\n<h3>\u00bfCu\u00e1l es el valor del curso?<\/h3>\n<p>\u2013 Valor por cada M\u00f3dulo de 4 clases (1 mes) U$D 147 d\u00f3lares. Abonando los 3 meses por adelantado.<br \/>\n\u2013 Valor por cada M\u00f3dulo sin descuento: U$D 190 d\u00f3lares.<\/p>\n<p>\u2013 Valor por los 3 niveles: U$D 570 d\u00f3lares<br \/>\n\u2013 Valor por los 3 niveles con descuento: U$D 440 d\u00f3lares (U$D 130 de descuento).<\/p>\n<\/div>\n<div>\n<h3>\u00bfCu\u00e1les son los medio de pago disponibles?<\/h3>\n<ul>\n<li>Transferencia bancaria<\/li>\n<li>Dep\u00f3sito bancario<\/li>\n<li>Western Union<\/li>\n<li>Mercado Pago<\/li>\n<li>PayPal<\/li>\n<\/ul>\n<\/div>\n<h2><\/h2>\n<h2>Programa<\/h2>\n<ul>\n<li>La Psique como Alma. Totalidad. La concepci\u00f3n de la Mente para Jung<\/li>\n<li>El Ego<\/li>\n<li>Inconsciente Personal: Complejos<\/li>\n<li>Inconsciente Colectivo. Self ( El S\u00ed Mismo )<\/li>\n<li>Arquetipos: Personaje. Anima \/ Animus. La Sombra. El S\u00ed Mismo<\/li>\n<li>La Libido como Energ\u00eda Psiquica. Valores Ps\u00edquicos. La Intuici\u00f3n<\/li>\n<li>La concepci\u00f3n energetista en Jung. Principio de Equivalencia. La Entrop\u00eda en el funcionamiento Ps\u00edquico. La Canalizaci\u00f3n de Energ\u00eda, Catarsis y Transferencia<\/li>\n<li>La Individuaci\u00f3n y su analog\u00eda con la Iniciaci\u00f3n en los pueblos antiguos<\/li>\n<li>Principio de Sincronicidad<\/li>\n<li>La Funci\u00f3n Trascendente en el Psiquismo. Los Tipos Psicol\u00f3gicos.<\/li>\n<li>Mitos. Psicolog\u00eda y Alquimia<\/li>\n<li>Simbolismo y Sue\u00f1os<\/li>\n<\/ul>\n<\/div>\n\t\t<\/div><\/div><\/div><\/div><div id=\"pg-590-1\"  class=\"panel-grid panel-has-style\" ><div class=\"panel-row-style panel-row-style-for-590-1\" ><div id=\"pgc-590-1-0\"  class=\"panel-grid-cell\" ><div id=\"panel-590-1-0-0\" class=\"so-panel widget panel-first-child panel-last-child\" data-index=\"3\" ><div class=\"panel-widget-style panel-widget-style-for-590-1-0-0\" ><\/div><\/div><\/div><div id=\"pgc-590-1-1\"  class=\"panel-grid-cell\" ><div id=\"panel-590-1-1-0\" class=\"so-panel widget widget_text panel-first-child panel-last-child\" data-index=\"4\" ><div class=\"panel-widget-style panel-widget-style-for-590-1-1-0\" >\t\t\t<div class=\"textwidget\"><p>Valor del curso USD 200<\/p>\n<\/div>\n\t\t<\/div><\/div><\/div><\/div><\/div><\/div><!-- AddThis Advanced Settings generic via filter on the_content --><!-- AddThis Share Buttons generic via filter on the_content -->","protected":false},"excerpt":{"rendered":"<p>\u00bfCu\u00e1l es la modalidad de los cursos? Los cursos de Psicolog\u00eda Arquet\u00edpica de Carl G. Jung a distancia constan de 12 Clases en video. Cada clase dura 50min. aproximadamente. \u00bfC\u00f3mo recibo las clases? Podr\u00e1 descargar las clases semanalmente desde nuestro sitio web con su usuario. \u00bfC\u00f3mo es la relaci\u00f3n con el profesor tutor? Se contactar\u00e1 [&hellip;]<!-- AddThis Advanced Settings generic via filter on get_the_excerpt --><!-- AddThis Share Buttons generic via filter on get_the_excerpt --><\/p>\n","protected":false},"author":1,"featured_media":0,"parent":0,"menu_order":0,"comment_status":"closed","ping_status":"closed","template":"","meta":{"footnotes":""},"class_list":["post-590","page","type-page","status-publish","hentry"],"_links":{"self":[{"href":"https:\/\/www.aztlan.org.ar\/cursosonline\/wp-json\/wp\/v2\/pages\/590","targetHints":{"allow":["GET"]}}],"collection":[{"href":"https:\/\/www.aztlan.org.ar\/cursosonline\/wp-json\/wp\/v2\/pages"}],"about":[{"href":"https:\/\/www.aztlan.org.ar\/cursosonline\/wp-json\/wp\/v2\/types\/page"}],"author":[{"embeddable":true,"href":"https:\/\/www.aztlan.org.ar\/cursosonline\/wp-json\/wp\/v2\/users\/1"}],"replies":[{"embeddable":true,"href":"https:\/\/www.aztlan.org.ar\/cursosonline\/wp-json\/wp\/v2\/comments?post=590"}],"version-history":[{"count":38,"href":"https:\/\/www.aztlan.org.ar\/cursosonline\/wp-json\/wp\/v2\/pages\/590\/revisions"}],"predecessor-version":[{"id":2353,"href":"https:\/\/www.aztlan.org.ar\/cursosonline\/wp-json\/wp\/v2\/pages\/590\/revisions\/2353"}],"wp:attachment":[{"href":"https:\/\/www.aztlan.org.ar\/cursosonline\/wp-json\/wp\/v2\/media?parent=590"}],"curies":[{"name":"wp","href":"https:\/\/api.w.org\/{rel}","templated":true}]}}