{"id":586,"date":"2017-07-11T18:56:48","date_gmt":"2017-07-11T18:56:48","guid":{"rendered":"http:\/\/www.aztlan.org.ar\/cursosonline\/?page_id=586"},"modified":"2022-11-28T23:44:39","modified_gmt":"2022-11-29T02:44:39","slug":"cuarto-camino","status":"publish","type":"page","link":"https:\/\/www.aztlan.org.ar\/cursosonline\/cuarto-camino\/","title":{"rendered":"Cuarto Camino"},"content":{"rendered":"<div id=\"pl-586\"  class=\"panel-layout\" ><div id=\"pg-586-0\"  class=\"panel-grid panel-has-style\" ><div class=\"panel-row-style panel-row-style-for-586-0\" ><div id=\"pgc-586-0-0\"  class=\"panel-grid-cell\" ><div id=\"panel-586-0-0-0\" class=\"so-panel widget panel-first-child\" data-index=\"0\" ><\/div><div id=\"panel-586-0-0-1\" class=\"so-panel widget panel-last-child\" data-index=\"1\" ><\/div><\/div><\/div><\/div><div id=\"pg-586-1\"  class=\"panel-grid panel-no-style\" ><div id=\"pgc-586-1-0\"  class=\"panel-grid-cell\" ><div id=\"panel-586-1-0-0\" class=\"so-panel widget widget_text panel-first-child panel-last-child\" data-index=\"2\" >\t\t\t<div class=\"textwidget\"><div>\n<p>&nbsp;<\/p>\n<\/div>\n<div>\n<h3>\u00bfCu\u00e1l es la modalidad de los cursos?<\/h3>\n<p>Los cursos de Cuarto Camino a distancia constan de 12 Clases en video. Cada clase dura 50min. aproximadamente.<\/p>\n<\/div>\n<div>\n<h3>\u00bfC\u00f3mo recibo las clases?<\/h3>\n<p>Una vez contratado el curso dentro de las 24 hs. recibir\u00e1 en su tel\u00e9fono o por e-mail usuario y contrase\u00f1a para acceder a la 1\u00b0 clase.<br \/>\nLa entrega de clases ser\u00e1 semanal. Cada 7 d\u00edas recibir\u00e1 y podr\u00e1 ver la siguiente clase.<br \/>\nNo se adelantar\u00e1n clases, entreg\u00e1ndose s\u00f3lo 1 clase semanal.<\/p>\n<\/div>\n<div>\n<h3>\u00bfC\u00f3mo es la relaci\u00f3n con el profesor tutor?<\/h3>\n<p>Se contactar\u00e1 v\u00eda e-mail con el profesor a cargo del curso, quien ser\u00e1 su profesor tutor y personalmente responder\u00e1 sus dudas.<\/p>\n<h3>\u00bfCu\u00e1l es el valor del curso?<\/h3>\n<p>&#8211; Valor por cada M\u00f3dulo de 4 clases (1 mes) U$D 147 d\u00f3lares. Abonando los 3 meses por adelantado.<br \/>\n&#8211; Valor por cada M\u00f3dulo sin descuento: U$D 190 d\u00f3lares.<\/p>\n<p>&#8211; Valor por los 3 niveles: U$D 570 d\u00f3lares<br \/>\n&#8211; Valor por los 3 niveles con descuento: U$D 440 d\u00f3lares (U$D 130 de descuento).<\/p>\n<\/div>\n<div>\n<h3>\u00bfCu\u00e1les son los medio de pago disponibles?<\/h3>\n<ul>\n<li>Transferencia bancaria<\/li>\n<li>Dep\u00f3sito bancario<\/li>\n<li>Western Union<\/li>\n<li>Mercado Pago<\/li>\n<li>Paypal<\/li>\n<\/ul>\n<\/div>\n<h2><\/h2>\n<h2>Programa<\/h2>\n<ul>\n<li>Que es el Cuarto Camino<\/li>\n<li>Una nueva visi\u00f3n de la Psique<\/li>\n<li>La Vida como escuela<\/li>\n<li>Niveles de Consciencia. Los Cuatro Estados de Consciencia: Sue\u00f1o, Vigilia, Consciencia de S\u00ed, Consciencia Objetiva<\/li>\n<li>La ausencia de unidad en el hombre. Yoes<\/li>\n<li>Personalidad &#8211; Falsa Personalidad y Esencia<\/li>\n<li>T\u00e9cnicas psicol\u00f3gicas de Observaci\u00f3n y Recuerdo de S\u00ed para el desarrollo de un temperamento equilibrado<\/li>\n<li>La Estructura de la Psique y sus funciones<\/li>\n<li>Los Centros Intelectual, Emocional, Vegetativo y Motriz<\/li>\n<li>Consciencia Emocionada, las Emociones Negativas y su transformaci\u00f3n no represi\u00f3n<\/li>\n<li>Consideraci\u00f3n Interna y Consideraci\u00f3n Externa<\/li>\n<li>La No Identificaci\u00f3n con los contenidos Ps\u00edquicos<\/li>\n<li>El Rayo de Creaci\u00f3n<\/li>\n<li>Hidr\u00f3genos<\/li>\n<li>Impresiones (transformaci\u00f3n de las)<\/li>\n<li>Los Eventos y los Estados<\/li>\n<li>Tres l\u00edneas de trabajo<\/li>\n<\/ul>\n<\/div>\n\t\t<\/div><\/div><\/div><div id=\"pg-586-2\"  class=\"panel-grid panel-no-style\" ><div id=\"pgc-586-2-0\"  class=\"panel-grid-cell\" ><div id=\"panel-586-2-0-0\" class=\"so-panel widget panel-first-child panel-last-child\" data-index=\"3\" ><div class=\"panel-widget-style panel-widget-style-for-586-2-0-0\" ><\/div><\/div><\/div><div id=\"pgc-586-2-1\"  class=\"panel-grid-cell\" ><div id=\"panel-586-2-1-0\" class=\"so-panel widget widget_text panel-first-child panel-last-child\" data-index=\"4\" ><div class=\"panel-widget-style panel-widget-style-for-586-2-1-0\" >\t\t\t<div class=\"textwidget\"><p class=\"p1\">Valor del curso USD 570<\/p>\n<\/div>\n\t\t<\/div><\/div><\/div><\/div><\/div><!-- AddThis Advanced Settings generic via filter on the_content --><!-- AddThis Share Buttons generic via filter on the_content -->","protected":false},"excerpt":{"rendered":"<p>&nbsp; \u00bfCu\u00e1l es la modalidad de los cursos? Los cursos de Cuarto Camino a distancia constan de 12 Clases en video. Cada clase dura 50min. aproximadamente. \u00bfC\u00f3mo recibo las clases? Una vez contratado el curso dentro de las 24 hs. recibir\u00e1 en su tel\u00e9fono o por e-mail usuario y contrase\u00f1a para acceder a la 1\u00b0 [&hellip;]<!-- AddThis Advanced Settings generic via filter on get_the_excerpt --><!-- AddThis Share Buttons generic via filter on get_the_excerpt --><\/p>\n","protected":false},"author":1,"featured_media":0,"parent":0,"menu_order":0,"comment_status":"closed","ping_status":"closed","template":"","meta":{"footnotes":""},"class_list":["post-586","page","type-page","status-publish","hentry"],"_links":{"self":[{"href":"https:\/\/www.aztlan.org.ar\/cursosonline\/wp-json\/wp\/v2\/pages\/586","targetHints":{"allow":["GET"]}}],"collection":[{"href":"https:\/\/www.aztlan.org.ar\/cursosonline\/wp-json\/wp\/v2\/pages"}],"about":[{"href":"https:\/\/www.aztlan.org.ar\/cursosonline\/wp-json\/wp\/v2\/types\/page"}],"author":[{"embeddable":true,"href":"https:\/\/www.aztlan.org.ar\/cursosonline\/wp-json\/wp\/v2\/users\/1"}],"replies":[{"embeddable":true,"href":"https:\/\/www.aztlan.org.ar\/cursosonline\/wp-json\/wp\/v2\/comments?post=586"}],"version-history":[{"count":46,"href":"https:\/\/www.aztlan.org.ar\/cursosonline\/wp-json\/wp\/v2\/pages\/586\/revisions"}],"predecessor-version":[{"id":2343,"href":"https:\/\/www.aztlan.org.ar\/cursosonline\/wp-json\/wp\/v2\/pages\/586\/revisions\/2343"}],"wp:attachment":[{"href":"https:\/\/www.aztlan.org.ar\/cursosonline\/wp-json\/wp\/v2\/media?parent=586"}],"curies":[{"name":"wp","href":"https:\/\/api.w.org\/{rel}","templated":true}]}}