{"id":558,"date":"2017-07-11T18:45:38","date_gmt":"2017-07-11T18:45:38","guid":{"rendered":"http:\/\/www.aztlan.org.ar\/cursosonline\/?page_id=558"},"modified":"2022-11-28T23:33:59","modified_gmt":"2022-11-29T02:33:59","slug":"filosofia-hindu","status":"publish","type":"page","link":"https:\/\/www.aztlan.org.ar\/cursosonline\/filosofia-hindu\/","title":{"rendered":"Filosof\u00eda Hind\u00fa"},"content":{"rendered":"<div id=\"pl-558\"  class=\"panel-layout\" ><div id=\"pg-558-0\"  class=\"panel-grid panel-has-style\" ><div class=\"panel-row-style panel-row-style-for-558-0\" ><div id=\"pgc-558-0-0\"  class=\"panel-grid-cell\" ><div id=\"panel-558-0-0-0\" class=\"so-panel widget panel-first-child\" data-index=\"0\" ><\/div><div id=\"panel-558-0-0-1\" class=\"so-panel widget\" data-index=\"1\" ><\/div><div id=\"panel-558-0-0-2\" class=\"so-panel widget widget_text panel-last-child\" data-index=\"2\" >\t\t\t<div class=\"textwidget\"><div>\n<h3>\u00bfCu\u00e1l es la modalidad de los cursos?<\/h3>\n<p>Los cursos de Filosof\u00eda Hind\u00fa a distancia constan de 8 Clases en video. Cada clase dura 50min. aproximadamente.<\/p>\n<\/div>\n<div>\n<h3>\u00bfC\u00f3mo recibo las clases?<\/h3>\n<p>Una vez contratado el curso dentro de las 24 hs. recibir\u00e1 en su tel\u00e9fono o por e-mail usuario y contrase\u00f1a para acceder a la 1\u00b0 clase.<br \/>\nLa entrega de clases ser\u00e1 semanal. Cada 7 d\u00edas recibir\u00e1 y podr\u00e1 ver la siguiente clase.<br \/>\nNo se adelantar\u00e1n clases, entreg\u00e1ndose s\u00f3lo 1 clase semanal.<\/p>\n<\/div>\n<div>\n<h3>\u00bfC\u00f3mo es la relaci\u00f3n con el profesor tutor?<\/h3>\n<p>Se contactar\u00e1 v\u00eda e-mail con el profesor a cargo del curso, quien ser\u00e1 su profesor tutor y personalmente responder\u00e1 sus dudas.<\/p>\n<h3>\u00bfCu\u00e1l es el valor del curso?<\/h3>\n<p>&#8211; Valor por cada M\u00f3dulo de 4 clases (1 mes) U$D 150 d\u00f3lares. Abonando los 2 meses por adelantado.<br \/>\n&#8211; Valor por cada M\u00f3dulo sin descuento: U$D 190 d\u00f3lares.<\/p>\n<p>&#8211; Valor por los 2 niveles: U$D 380 d\u00f3lares<br \/>\n&#8211; Valor por los 2 niveles con descuento: U$D 300 d\u00f3lares (U$D 80 de descuento).<\/p>\n<\/div>\n<div>\n<h3>\u00bfCu\u00e1les son los medio de pago disponibles?<\/h3>\n<ul>\n<li>Transferencia bancaria<\/li>\n<li>Dep\u00f3sito bancario<\/li>\n<li>Western Union<\/li>\n<li>Mercado Pago<\/li>\n<li>PayPal<\/li>\n<\/ul>\n<\/div>\n<h2><\/h2>\n<h2>Programa<\/h2>\n<ul>\n<li>Yendo m\u00e1s all\u00e1 de la posturas f\u00edsicas<\/li>\n<li>Los Cuatro Camnios en el Yoga<\/li>\n<li>Hatha Yoga &#8211; Bhakti Yoga &#8211; Gnana yoga y Raja Yoga<\/li>\n<li>Base fisiol\u00f3gica de la psicolog\u00eda Yoga &#8211; La teor\u00eda Yoga de la personalidad<\/li>\n<li>Desarrollo de la Intuici\u00f3n &#8211; Trasnformaci\u00f3n de las emociones negativas<\/li>\n<li>Desarrollo de la memoria &#8211; Motivaci\u00f3n y teor\u00eda del aprendizaje<\/li>\n<li>Relaci\u00f3n Mente-Cuerpo. Relaciones Sociales<\/li>\n<li>Variedades de la experiencia &#8211;<\/li>\n<li>Diversos centros de energ\u00eda (los CHAKRA)<\/li>\n<li>Acerca de la Muerte &#8211; Peligros del camino del Yoga mal utilizado<\/li>\n<li>C\u00f3mo ponerse en contacto con la tradici\u00f3n viviente<\/li>\n<li>Dharma y Karma<\/li>\n<li>Teor\u00eda de la reencarnaci\u00f3n<\/li>\n<\/ul>\n<\/div>\n\t\t<\/div><\/div><\/div><\/div><div id=\"pg-558-1\"  class=\"panel-grid panel-has-style\" ><div class=\"panel-row-style panel-row-style-for-558-1\" ><div id=\"pgc-558-1-0\"  class=\"panel-grid-cell\" ><div id=\"panel-558-1-0-0\" class=\"so-panel widget panel-first-child panel-last-child\" data-index=\"3\" ><div class=\"panel-widget-style panel-widget-style-for-558-1-0-0\" ><\/div><\/div><\/div><div id=\"pgc-558-1-1\"  class=\"panel-grid-cell\" ><div id=\"panel-558-1-1-0\" class=\"so-panel widget widget_text panel-first-child panel-last-child\" data-index=\"4\" ><div class=\"panel-widget-style panel-widget-style-for-558-1-1-0\" >\t\t\t<div class=\"textwidget\"><p>Valor del curso USD 175<\/p>\n<\/div>\n\t\t<\/div><\/div><\/div><\/div><\/div><\/div><!-- AddThis Advanced Settings generic via filter on the_content --><!-- AddThis Share Buttons generic via filter on the_content -->","protected":false},"excerpt":{"rendered":"<p>\u00bfCu\u00e1l es la modalidad de los cursos? Los cursos de Filosof\u00eda Hind\u00fa a distancia constan de 8 Clases en video. Cada clase dura 50min. aproximadamente. \u00bfC\u00f3mo recibo las clases? Una vez contratado el curso dentro de las 24 hs. recibir\u00e1 en su tel\u00e9fono o por e-mail usuario y contrase\u00f1a para acceder a la 1\u00b0 clase. [&hellip;]<!-- AddThis Advanced Settings generic via filter on get_the_excerpt --><!-- AddThis Share Buttons generic via filter on get_the_excerpt --><\/p>\n","protected":false},"author":1,"featured_media":0,"parent":0,"menu_order":0,"comment_status":"closed","ping_status":"closed","template":"","meta":{"footnotes":""},"class_list":["post-558","page","type-page","status-publish","hentry"],"_links":{"self":[{"href":"https:\/\/www.aztlan.org.ar\/cursosonline\/wp-json\/wp\/v2\/pages\/558","targetHints":{"allow":["GET"]}}],"collection":[{"href":"https:\/\/www.aztlan.org.ar\/cursosonline\/wp-json\/wp\/v2\/pages"}],"about":[{"href":"https:\/\/www.aztlan.org.ar\/cursosonline\/wp-json\/wp\/v2\/types\/page"}],"author":[{"embeddable":true,"href":"https:\/\/www.aztlan.org.ar\/cursosonline\/wp-json\/wp\/v2\/users\/1"}],"replies":[{"embeddable":true,"href":"https:\/\/www.aztlan.org.ar\/cursosonline\/wp-json\/wp\/v2\/comments?post=558"}],"version-history":[{"count":57,"href":"https:\/\/www.aztlan.org.ar\/cursosonline\/wp-json\/wp\/v2\/pages\/558\/revisions"}],"predecessor-version":[{"id":2335,"href":"https:\/\/www.aztlan.org.ar\/cursosonline\/wp-json\/wp\/v2\/pages\/558\/revisions\/2335"}],"wp:attachment":[{"href":"https:\/\/www.aztlan.org.ar\/cursosonline\/wp-json\/wp\/v2\/media?parent=558"}],"curies":[{"name":"wp","href":"https:\/\/api.w.org\/{rel}","templated":true}]}}