{"id":548,"date":"2017-07-11T18:01:02","date_gmt":"2017-07-11T18:01:02","guid":{"rendered":"http:\/\/www.aztlan.org.ar\/cursosonline\/?page_id=548"},"modified":"2022-11-28T23:31:05","modified_gmt":"2022-11-29T02:31:05","slug":"psicologia-zen-del-inconsciente","status":"publish","type":"page","link":"https:\/\/www.aztlan.org.ar\/cursosonline\/psicologia-zen-del-inconsciente\/","title":{"rendered":"Psicolog\u00eda Zen del Inconsciente"},"content":{"rendered":"<div id=\"pl-548\"  class=\"panel-layout\" ><div id=\"pg-548-0\"  class=\"panel-grid panel-has-style\" ><div class=\"panel-row-style panel-row-style-for-548-0\" ><div id=\"pgc-548-0-0\"  class=\"panel-grid-cell\" ><div id=\"panel-548-0-0-0\" class=\"so-panel widget panel-first-child\" data-index=\"0\" ><\/div><div id=\"panel-548-0-0-1\" class=\"so-panel widget\" data-index=\"1\" ><\/div><div id=\"panel-548-0-0-2\" class=\"so-panel widget widget_text panel-last-child\" data-index=\"2\" >\t\t\t<div class=\"textwidget\"><div>\n<h3>\u00bfCu\u00e1l es la modalidad de los cursos?<\/h3>\n<p>Los cursos de Psicolog\u00eda Zen del Inconsciente a distancia constan de 8 Clases en video. Cada clase dura 50min. aproximadamente.<\/p>\n<\/div>\n<div>\n<h3>\u00bfC\u00f3mo recibo las clases?<\/h3>\n<p>Una vez contratado el curso dentro de las 24 hs. recibir\u00e1 en su tel\u00e9fono o por e-mail usuario y contrase\u00f1a para acceder a la 1\u00b0 clase.<br \/>\nLa entrega de clases ser\u00e1 semanal. Cada 7 d\u00edas recibir\u00e1 y podr\u00e1 ver la siguiente clase.<br \/>\nNo se adelantar\u00e1n clases, entreg\u00e1ndose s\u00f3lo 1 clase semanal.<\/p>\n<\/div>\n<div>\n<h3>\u00bfC\u00f3mo es la relaci\u00f3n con el profesor tutor?<\/h3>\n<p>Se contactar\u00e1 v\u00eda e-mail con el profesor a cargo del curso, quien ser\u00e1 su profesor tutor y personalmente responder\u00e1 sus dudas.<\/p>\n<h3>\u00bfCu\u00e1l es el valor del curso?<\/h3>\n<p>&#8211; Valor por cada M\u00f3dulo de 4 clases (1 mes) U$D 150 d\u00f3lares. Abonando los 2 meses por adelantado.<br \/>\n&#8211; Valor por cada M\u00f3dulo sin descuento: U$D 190 d\u00f3lares.<\/p>\n<p>&#8211; Valor por los 2 niveles: U$D 380 d\u00f3lares<br \/>\n&#8211; Valor por los 2 niveles con descuento: U$D 300 d\u00f3lares (U$D 80 de descuento).<\/p>\n<\/div>\n<div>\n<h3>\u00bfCu\u00e1les son los medio de pago disponibles?<\/h3>\n<ul>\n<li>Transferencia bancaria<\/li>\n<li>Dep\u00f3sito bancario<\/li>\n<li>Western Union<\/li>\n<li>Mercado Pago<\/li>\n<li>PayPal<\/li>\n<\/ul>\n<\/div>\n<h2><\/h2>\n<h2>Programa<\/h2>\n<ul>\n<li>Todos podemos Alcanzar la Iluminaci\u00f3n<\/li>\n<li>Desarrollo hist\u00f3rico del Budismo<\/li>\n<li>El Budismo Zen como sistema de liberaci\u00f3n del sufrimiento<\/li>\n<li>La Psicolog\u00eda de Jung y el Zen<\/li>\n<li>Niveles de Consciencia<\/li>\n<li>La Psicopatolog\u00eda o los Estados Negativos de la Mente<\/li>\n<li>La percepci\u00f3n sensorial y Extrasensorial<\/li>\n<li>Los caminos del Zen<\/li>\n<li>Las pr\u00e1cticas de Zaz\u00e9n<\/li>\n<li>Los Kohan<\/li>\n<li>Muerte Reancaer y Karma. La teor\u00eda del Eterno Retorno<\/li>\n<li>Todos podemos alcanzar la Iluminaci\u00f3n<\/li>\n<\/ul>\n<\/div>\n\t\t<\/div><\/div><\/div><\/div><div id=\"pg-548-1\"  class=\"panel-grid panel-has-style\" ><div class=\"panel-row-style panel-row-style-for-548-1\" ><div id=\"pgc-548-1-0\"  class=\"panel-grid-cell\" ><div id=\"panel-548-1-0-0\" class=\"so-panel widget panel-first-child panel-last-child\" data-index=\"3\" ><div class=\"panel-widget-style panel-widget-style-for-548-1-0-0\" ><\/div><\/div><\/div><div id=\"pgc-548-1-1\"  class=\"panel-grid-cell\" ><div id=\"panel-548-1-1-0\" class=\"so-panel widget widget_text panel-first-child panel-last-child\" data-index=\"4\" ><div class=\"panel-widget-style panel-widget-style-for-548-1-1-0\" >\t\t\t<div class=\"textwidget\"><p>Valor del curso USD 380<\/p>\n<\/div>\n\t\t<\/div><\/div><\/div><\/div><\/div><\/div><!-- AddThis Advanced Settings generic via filter on the_content --><!-- AddThis Share Buttons generic via filter on the_content -->","protected":false},"excerpt":{"rendered":"<p>\u00bfCu\u00e1l es la modalidad de los cursos? Los cursos de Psicolog\u00eda Zen del Inconsciente a distancia constan de 8 Clases en video. Cada clase dura 50min. aproximadamente. \u00bfC\u00f3mo recibo las clases? Una vez contratado el curso dentro de las 24 hs. recibir\u00e1 en su tel\u00e9fono o por e-mail usuario y contrase\u00f1a para acceder a la [&hellip;]<!-- AddThis Advanced Settings generic via filter on get_the_excerpt --><!-- AddThis Share Buttons generic via filter on get_the_excerpt --><\/p>\n","protected":false},"author":1,"featured_media":0,"parent":0,"menu_order":0,"comment_status":"closed","ping_status":"closed","template":"","meta":{"footnotes":""},"class_list":["post-548","page","type-page","status-publish","hentry"],"_links":{"self":[{"href":"https:\/\/www.aztlan.org.ar\/cursosonline\/wp-json\/wp\/v2\/pages\/548","targetHints":{"allow":["GET"]}}],"collection":[{"href":"https:\/\/www.aztlan.org.ar\/cursosonline\/wp-json\/wp\/v2\/pages"}],"about":[{"href":"https:\/\/www.aztlan.org.ar\/cursosonline\/wp-json\/wp\/v2\/types\/page"}],"author":[{"embeddable":true,"href":"https:\/\/www.aztlan.org.ar\/cursosonline\/wp-json\/wp\/v2\/users\/1"}],"replies":[{"embeddable":true,"href":"https:\/\/www.aztlan.org.ar\/cursosonline\/wp-json\/wp\/v2\/comments?post=548"}],"version-history":[{"count":48,"href":"https:\/\/www.aztlan.org.ar\/cursosonline\/wp-json\/wp\/v2\/pages\/548\/revisions"}],"predecessor-version":[{"id":2331,"href":"https:\/\/www.aztlan.org.ar\/cursosonline\/wp-json\/wp\/v2\/pages\/548\/revisions\/2331"}],"wp:attachment":[{"href":"https:\/\/www.aztlan.org.ar\/cursosonline\/wp-json\/wp\/v2\/media?parent=548"}],"curies":[{"name":"wp","href":"https:\/\/api.w.org\/{rel}","templated":true}]}}