{"id":388,"date":"2017-07-10T23:17:55","date_gmt":"2017-07-10T23:17:55","guid":{"rendered":"http:\/\/www.aztlan.org.ar\/cursosonline\/?page_id=388"},"modified":"2017-07-23T20:09:47","modified_gmt":"2017-07-23T20:09:47","slug":"quienes-somos","status":"publish","type":"page","link":"https:\/\/www.aztlan.org.ar\/cursosonline\/quienes-somos\/","title":{"rendered":"Quienes somos"},"content":{"rendered":"<div id=\"pl-388\"  class=\"panel-layout\" ><div id=\"pg-388-0\"  class=\"panel-grid panel-no-style\" ><div id=\"pgc-388-0-0\"  class=\"panel-grid-cell\" ><div id=\"panel-388-0-0-0\" class=\"so-panel widget panel-first-child panel-last-child\" data-index=\"0\" ><\/div><\/div><\/div><div id=\"pg-388-1\"  class=\"panel-grid panel-no-style\" ><div id=\"pgc-388-1-0\"  class=\"panel-grid-cell\" ><div id=\"panel-388-1-0-0\" class=\"so-panel widget panel-first-child panel-last-child\" data-index=\"1\" ><\/div><\/div><div id=\"pgc-388-1-1\"  class=\"panel-grid-cell\" ><div id=\"panel-388-1-1-0\" class=\"so-panel widget widget_sow-editor panel-first-child panel-last-child\" data-index=\"2\" ><div\n\t\t\t\n\t\t\tclass=\"so-widget-sow-editor so-widget-sow-editor-base\"\n\t\t\t\n\t\t>\n<div class=\"siteorigin-widget-tinymce textwidget\">\n\t<h2 class=\"lead\">Nuestro Centro Cultural<\/h2>\n<p>El Centro Cultural de Psicolog\u00eda, Filosof\u00eda y Humanidades Aztlan, es una Asociaci\u00f3n Civil inscripta en la I.G.J., bajo el N\u00ba 748 fue fundada por el Prof. Le\u00f3n Azulay, fil\u00f3sofo, quien se ha dedicado a la ense\u00f1anza desde hace m\u00e1s de cincuenta a\u00f1os. Frente a la crisis y decadencia de las antiguas instituciones educativas, ha desarrollado el novedoso M\u00e9todo Aztlan\u00ae, el cual responde a un nuevo y moderno paradigma educativo y cultural.<\/p>\n<p>\u00a0<\/p>\n<h2 class=\"lead\">\u00bfQu\u00e9 significa Aztlan?<\/h2>\n<p>Aztlan es un nombre Tolteca que en la mitolog\u00eda antigua era la Ciudad Ideal de la Cultura, la Luz y el Conocimiento. Con el M\u00e9todo Aztlan\u00ae el Prof. Azulay ha logrado un m\u00e9todo de ense\u00f1anza que combina e integra los sistemas de Psicolog\u00eda Hol\u00edsticos m\u00e1s avanzados de nuestra \u00e9poca: La Psicolog\u00eda del Inconsciente Colectivo de Carl Gustav Jung y el Cuarto Camino de Gurdjieff y Ouspensky. Adem\u00e1s agrega la ense\u00f1anza del Budismo y la Filosof\u00eda tanto de Oriente como de Occidente. Asimismo hace m\u00e1s de 30 a\u00f1os que se dedica profesionalmente a la investigaci\u00f3n astrol\u00f3gica, siendo uno de los precursores de la Astrolog\u00eda Humanista en la Argentina. Forman parte tambi\u00e9n del Centro Cultural los Profesores Nicol\u00e1s Nardi y la Prof. Florencia Santoni, entre otros profesionales.<\/p>\n<\/div>\n<\/div><\/div><\/div><\/div><\/div><!-- AddThis Advanced Settings generic via filter on the_content --><!-- AddThis Share Buttons generic via filter on the_content -->","protected":false},"excerpt":{"rendered":"<p>Nuestro Centro CulturalEl Centro Cultural de Psicolog\u00eda, Filosof\u00eda y Humanidades Aztlan, es una Asociaci\u00f3n Civil inscripta en la I.G.J., bajo el N\u00ba 748 fue fundada por el Prof. Le\u00f3n Azulay, fil\u00f3sofo, quien se ha dedicado a la ense\u00f1anza desde hace m\u00e1s de cincuenta a\u00f1os. Frente a la crisis y decadencia de las antiguas instituciones educativas, [&hellip;]<!-- AddThis Advanced Settings generic via filter on get_the_excerpt --><!-- AddThis Share Buttons generic via filter on get_the_excerpt --><\/p>\n","protected":false},"author":1,"featured_media":0,"parent":0,"menu_order":0,"comment_status":"closed","ping_status":"closed","template":"","meta":{"footnotes":""},"class_list":["post-388","page","type-page","status-publish","hentry"],"_links":{"self":[{"href":"https:\/\/www.aztlan.org.ar\/cursosonline\/wp-json\/wp\/v2\/pages\/388","targetHints":{"allow":["GET"]}}],"collection":[{"href":"https:\/\/www.aztlan.org.ar\/cursosonline\/wp-json\/wp\/v2\/pages"}],"about":[{"href":"https:\/\/www.aztlan.org.ar\/cursosonline\/wp-json\/wp\/v2\/types\/page"}],"author":[{"embeddable":true,"href":"https:\/\/www.aztlan.org.ar\/cursosonline\/wp-json\/wp\/v2\/users\/1"}],"replies":[{"embeddable":true,"href":"https:\/\/www.aztlan.org.ar\/cursosonline\/wp-json\/wp\/v2\/comments?post=388"}],"version-history":[{"count":60,"href":"https:\/\/www.aztlan.org.ar\/cursosonline\/wp-json\/wp\/v2\/pages\/388\/revisions"}],"predecessor-version":[{"id":916,"href":"https:\/\/www.aztlan.org.ar\/cursosonline\/wp-json\/wp\/v2\/pages\/388\/revisions\/916"}],"wp:attachment":[{"href":"https:\/\/www.aztlan.org.ar\/cursosonline\/wp-json\/wp\/v2\/media?parent=388"}],"curies":[{"name":"wp","href":"https:\/\/api.w.org\/{rel}","templated":true}]}}