{"id":2068,"date":"2020-08-04T20:15:15","date_gmt":"2020-08-04T20:15:15","guid":{"rendered":"http:\/\/www.aztlan.org.ar\/cursosonline\/?page_id=2068"},"modified":"2025-01-25T10:43:02","modified_gmt":"2025-01-25T13:43:02","slug":"curso-tarot-egipcio","status":"publish","type":"page","link":"https:\/\/www.aztlan.org.ar\/cursosonline\/curso-tarot-egipcio\/","title":{"rendered":"Tarot Egipcio"},"content":{"rendered":"<div id=\"pl-2068\"  class=\"panel-layout\" ><div id=\"pg-2068-0\"  class=\"panel-grid panel-has-style\" ><div class=\"panel-row-style panel-row-style-for-2068-0\" ><div id=\"pgc-2068-0-0\"  class=\"panel-grid-cell\" ><div id=\"panel-2068-0-0-0\" class=\"so-panel widget panel-first-child\" data-index=\"0\" ><\/div><div id=\"panel-2068-0-0-1\" class=\"so-panel widget panel-last-child\" data-index=\"1\" ><div class=\"panel-widget-style panel-widget-style-for-2068-0-0-1\" ><\/div><\/div><\/div><\/div><\/div><div id=\"pg-2068-1\"  class=\"panel-grid panel-no-style\" ><div id=\"pgc-2068-1-0\"  class=\"panel-grid-cell\" ><div id=\"panel-2068-1-0-0\" class=\"so-panel widget widget_text panel-first-child panel-last-child\" data-index=\"2\" >\t\t\t<div class=\"textwidget\"><div><\/div>\n<div>\n<h3>\u00bfCu\u00e1l es la modalidad del taller?<\/h3>\n<p>Los cursos de Tarot Egipcio a distancia constan de 12 Clases en video. Cada clase dura 50min. aproximadamente.<\/p>\n<\/div>\n<div>\n<h3>\u00bfC\u00f3mo recibo la clase?<\/h3>\n<p>\u2013 Una vez contratado el curso dentro de las 24 hs. recibir\u00e1 en su tel\u00e9fono o por e-mail usuario y contrase\u00f1a para acceder a la 1\u00b0 clase.<br \/>\n\u2013 La entrega de clases ser\u00e1 semanal. Cada 7 d\u00edas recibir\u00e1 y podr\u00e1 ver la siguiente clase.<br \/>\n\u2013 No se adelantar\u00e1n clases, entreg\u00e1ndose s\u00f3lo 1 clase semanal.<\/p>\n<\/div>\n<div>\n<h3>\u00bfC\u00f3mo es la relaci\u00f3n con el profesor tutor?<\/h3>\n<p>Se contactar\u00e1 v\u00eda e-mail con el profesor a cargo del curso, quien ser\u00e1 su profesor tutor y personalmente responder\u00e1 sus dudas.<\/p>\n<h3>\u00bfCu\u00e1l es el valor del curso?<\/h3>\n<p>U$S 450<\/p>\n<\/div>\n<div>\n<h3>\u00bfCu\u00e1les son los medio de pago disponibles?<\/h3>\n<ul>\n<li>Transferencia bancaria<\/li>\n<li>Dep\u00f3sito bancario<\/li>\n<li>Western Union<\/li>\n<li>Mercado Pago<\/li>\n<li>Pay Pal<\/li>\n<\/ul>\n<\/div>\n<\/div>\n\t\t<\/div><\/div><\/div><div id=\"pg-2068-2\"  class=\"panel-grid panel-no-style\" ><div id=\"pgc-2068-2-0\"  class=\"panel-grid-cell\" ><div id=\"panel-2068-2-0-0\" class=\"so-panel widget widget_text panel-first-child panel-last-child\" data-index=\"3\" >\t\t\t<div class=\"textwidget\"><h2>Programa:<\/h2>\n<ul>\n<li>\n<div>\u00a0Estructura de los Arcanos. Los Planos Espiritual, Mental y F\u00edsico.<\/div>\n<\/li>\n<li>\n<div><\/div>\n<div>Diferencia entre los Arcanos Mayores y Menores en el Tarot Egipcio.<\/div>\n<\/li>\n<li>\n<div><\/div>\n<div>Simbolismos y Cualidades de los 78 Arcanos<\/div>\n<\/li>\n<li>\n<div><\/div>\n<div>Sus relaciones con la Astrolog\u00eda. Signos y Planetas.<\/div>\n<\/li>\n<li>\n<div><\/div>\n<div>El arte de la Predicci\u00f3n. Condiciones necesarias.<\/div>\n<\/li>\n<li>\n<div><\/div>\n<div>C\u00f3mo preguntar y c\u00f3mo interpretar la respuesta.<\/div>\n<\/li>\n<li>\n<div><\/div>\n<div>Tirada de las Casas Astrol\u00f3gicas.<\/div>\n<\/li>\n<li>\n<div><\/div>\n<div>Tiradas Predictivas.<\/div>\n<\/li>\n<li>\n<div><\/div>\n<div>Tirada de la Carta Natal Personal.<\/div>\n<\/li>\n<li>\n<div><\/div>\n<div>Consultas sobre Econom\u00eda y negocios, Amor y otras relaciones personales,<\/div>\n<div>Salud, Espiritualidad.<\/div>\n<\/li>\n<\/ul>\n<\/div>\n\t\t<\/div><\/div><\/div><div id=\"pg-2068-3\"  class=\"panel-grid panel-no-style\" ><div id=\"pgc-2068-3-0\"  class=\"panel-grid-cell panel-grid-cell-mobile-last\" ><div id=\"panel-2068-3-0-0\" class=\"so-panel widget panel-first-child panel-last-child\" data-index=\"4\" ><div class=\"panel-widget-style panel-widget-style-for-2068-3-0-0\" ><\/div><\/div><\/div><div id=\"pgc-2068-3-1\"  class=\"panel-grid-cell panel-grid-cell-empty\" ><\/div><\/div><\/div><!-- AddThis Advanced Settings generic via filter on the_content --><!-- AddThis Share Buttons generic via filter on the_content -->","protected":false},"excerpt":{"rendered":"<p>\u00bfCu\u00e1l es la modalidad del taller? Los cursos de Tarot Egipcio a distancia constan de 12 Clases en video. Cada clase dura 50min. aproximadamente. \u00bfC\u00f3mo recibo la clase? \u2013 Una vez contratado el curso dentro de las 24 hs. recibir\u00e1 en su tel\u00e9fono o por e-mail usuario y contrase\u00f1a para acceder a la 1\u00b0 clase. [&hellip;]<!-- AddThis Advanced Settings generic via filter on get_the_excerpt --><!-- AddThis Share Buttons generic via filter on get_the_excerpt --><\/p>\n","protected":false},"author":1,"featured_media":0,"parent":0,"menu_order":0,"comment_status":"closed","ping_status":"closed","template":"","meta":{"footnotes":""},"class_list":["post-2068","page","type-page","status-publish","hentry"],"_links":{"self":[{"href":"https:\/\/www.aztlan.org.ar\/cursosonline\/wp-json\/wp\/v2\/pages\/2068","targetHints":{"allow":["GET"]}}],"collection":[{"href":"https:\/\/www.aztlan.org.ar\/cursosonline\/wp-json\/wp\/v2\/pages"}],"about":[{"href":"https:\/\/www.aztlan.org.ar\/cursosonline\/wp-json\/wp\/v2\/types\/page"}],"author":[{"embeddable":true,"href":"https:\/\/www.aztlan.org.ar\/cursosonline\/wp-json\/wp\/v2\/users\/1"}],"replies":[{"embeddable":true,"href":"https:\/\/www.aztlan.org.ar\/cursosonline\/wp-json\/wp\/v2\/comments?post=2068"}],"version-history":[{"count":10,"href":"https:\/\/www.aztlan.org.ar\/cursosonline\/wp-json\/wp\/v2\/pages\/2068\/revisions"}],"predecessor-version":[{"id":2376,"href":"https:\/\/www.aztlan.org.ar\/cursosonline\/wp-json\/wp\/v2\/pages\/2068\/revisions\/2376"}],"wp:attachment":[{"href":"https:\/\/www.aztlan.org.ar\/cursosonline\/wp-json\/wp\/v2\/media?parent=2068"}],"curies":[{"name":"wp","href":"https:\/\/api.w.org\/{rel}","templated":true}]}}