{"id":193,"date":"2017-07-09T23:11:20","date_gmt":"2017-07-09T23:11:20","guid":{"rendered":"http:\/\/localhost:8888\/cursos-online\/?page_id=193"},"modified":"2024-08-17T11:36:04","modified_gmt":"2024-08-17T14:36:04","slug":"inicio","status":"publish","type":"page","link":"https:\/\/www.aztlan.org.ar\/cursosonline\/","title":{"rendered":"INICIO"},"content":{"rendered":"<div id=\"pl-193\"  class=\"panel-layout\" ><div id=\"pg-193-0\"  class=\"panel-grid panel-has-style\" ><div class=\"panel-row-style panel-row-style-for-193-0\" ><div id=\"pgc-193-0-0\"  class=\"panel-grid-cell\" ><div id=\"panel-193-0-0-0\" class=\"so-panel widget panel-first-child\" data-index=\"0\" ><div class=\"panel-widget-style panel-widget-style-for-193-0-0-0\" ><\/div><\/div><div id=\"panel-193-0-0-1\" class=\"so-panel widget panel-last-child\" data-index=\"1\" ><\/div><\/div><\/div><\/div><div id=\"pg-193-1\"  class=\"panel-grid panel-no-style\" ><div id=\"pgc-193-1-0\"  class=\"panel-grid-cell\" ><div id=\"panel-193-1-0-0\" class=\"so-panel widget widget_metaslider_widget panel-first-child\" data-index=\"2\" ><div class=\"panel-widget-style panel-widget-style-for-193-1-0-0\" ><h3 class=\"widget-title\">Slider<\/h3><div id=\"metaslider-id-1674\" style=\"width: 100%; margin: 0 auto;\" class=\"ml-slider-3-90-1 metaslider metaslider-flex metaslider-1674 ml-slider ms-theme-default nav-hidden\" role=\"region\" aria-roledescription=\"Slideshow\" aria-label=\"Nueva presentaci\u00f3n de diapositivas\">\n    <div id=\"metaslider_container_1674\">\n        <div id=\"metaslider_1674\">\n            <ul class='slides'>\n                <li style=\"display: none; width: 100%;\" class=\"slide-1675 ms-image \" aria-roledescription=\"slide\" aria-label=\"slide-1675\"><a href=\"http:\/\/www.aztlan.org.ar\/cursosonline\/mindfulness\/\" target=\"_self\"><img loading=\"lazy\" decoding=\"async\" src=\"https:\/\/www.aztlan.org.ar\/cursosonline\/wp-content\/uploads\/2018\/12\/slider_mindfulness-1920x508.jpg\" height=\"508\" width=\"1920\" alt=\"\" class=\"slider-1674 slide-1675\" title=\"slider_mindfulness\" \/><\/a><\/li>\n                <li style=\"display: none; width: 100%;\" class=\"slide-1676 ms-image \" aria-roledescription=\"slide\" aria-label=\"slide-1676\"><a href=\"http:\/\/www.aztlan.org.ar\/cursosonline\/psicologia-transpersonal\/\" target=\"_self\"><img loading=\"lazy\" decoding=\"async\" src=\"https:\/\/www.aztlan.org.ar\/cursosonline\/wp-content\/uploads\/2018\/12\/slider_online-1920x508.jpg\" height=\"508\" width=\"1920\" alt=\"\" class=\"slider-1674 slide-1676\" title=\"slider_online\" \/><\/a><\/li>\n                <li style=\"display: none; width: 100%;\" class=\"slide-1677 ms-image \" aria-roledescription=\"slide\" aria-label=\"slide-1677\"><a href=\"http:\/\/www.aztlan.org.ar\/cursosonline\/astrologia\/\" target=\"_self\"><img loading=\"lazy\" decoding=\"async\" src=\"https:\/\/www.aztlan.org.ar\/cursosonline\/wp-content\/uploads\/2018\/12\/Psicologia-1-1920x508.jpg\" height=\"508\" width=\"1920\" alt=\"\" class=\"slider-1674 slide-1677\" title=\"Psicologia-1\" \/><\/a><\/li>\n            <\/ul>\n        <\/div>\n        \n    <\/div>\n<\/div><\/div><\/div><\/div><\/div><div id=\"pg-193-2\"  class=\"panel-grid panel-has-style\" ><div class=\"panel-row-style panel-row-style-for-193-2\" ><div id=\"pgc-193-2-0\"  class=\"panel-grid-cell\" ><div id=\"panel-193-2-0-0\" class=\"so-panel widget panel-first-child\" data-index=\"4\" ><div class=\"panel-widget-style panel-widget-style-for-193-2-0-0\" ><\/div><\/div><div id=\"panel-193-2-0-1\" class=\"so-panel widget widget_sow-editor\" data-index=\"5\" ><div\n\t\t\t\n\t\t\tclass=\"so-widget-sow-editor so-widget-sow-editor-base\"\n\t\t\t\n\t\t>\n<div class=\"siteorigin-widget-tinymce textwidget\">\n\t<h3 class=\"regular-title\"><a href=\"https:\/\/www.centroastrologico.com.ar\/curso_de_astrologia_psicologica_y_cientifica.php\">El Alfabeto Astrol\u00f3gico - En Vivo<\/a><\/h3>\n<\/div>\n<\/div><\/div><div id=\"panel-193-2-0-2\" class=\"so-panel widget widget_text\" data-index=\"6\" >\t\t\t<div class=\"textwidget\"><p>La ASTROLOG\u00cdA a trav\u00e9s de la carta natal, revela tendencias y pautas de la personalidad de un modo claro y preciso, desde una visi\u00f3n hol\u00edstica que nos permite observarnos a nosotros mismos, y a otros individuos, con mayor desapego y objetividad. Al aprender Astrolog\u00eda&#8230;<\/p>\n<\/div>\n\t\t<\/div><div id=\"panel-193-2-0-3\" class=\"so-panel widget panel-last-child\" data-index=\"7\" ><\/div><\/div><div id=\"pgc-193-2-1\"  class=\"panel-grid-cell\" ><div id=\"panel-193-2-1-0\" class=\"so-panel widget panel-first-child\" data-index=\"8\" ><div class=\"panel-widget-style panel-widget-style-for-193-2-1-0\" ><\/div><\/div><div id=\"panel-193-2-1-1\" class=\"so-panel widget widget_sow-editor\" data-index=\"9\" ><div\n\t\t\t\n\t\t\tclass=\"so-widget-sow-editor so-widget-sow-editor-base\"\n\t\t\t\n\t\t>\n<div class=\"siteorigin-widget-tinymce textwidget\">\n\t<h3 class=\"regular-title\"><a href=\"https:\/\/aztlan.org.ar\/curso-psicoterapia-jung.php\">Psicoterapia de C. G. Jung y G. I. Gurdjieff - En Vivo<\/a><\/h3>\n<\/div>\n<\/div><\/div><div id=\"panel-193-2-1-2\" class=\"so-panel widget widget_text\" data-index=\"10\" >\t\t\t<div class=\"textwidget\"><p>La importancia de lograr un m\u00e9todo de ense\u00f1anza comparativa es imperativa en nuestra \u00e9poca. Mucho hemos sufrido en los \u00faltimos tiempos la gran fragmentaci\u00f3n en el \u00e1mbito del conocimiento, que ha conducido en muchos casos de la Historia a grandes sectarismos, como por ejemplo, la conocida batalla&#8230;<\/p>\n<\/div>\n\t\t<\/div><div id=\"panel-193-2-1-3\" class=\"so-panel widget panel-last-child\" data-index=\"11\" ><\/div><\/div><div id=\"pgc-193-2-2\"  class=\"panel-grid-cell\" ><div id=\"panel-193-2-2-0\" class=\"so-panel widget panel-first-child\" data-index=\"12\" ><div class=\"panel-widget-style panel-widget-style-for-193-2-2-0\" ><\/div><\/div><div id=\"panel-193-2-2-1\" class=\"so-panel widget widget_sow-editor\" data-index=\"13\" ><div\n\t\t\t\n\t\t\tclass=\"so-widget-sow-editor so-widget-sow-editor-base\"\n\t\t\t\n\t\t>\n<div class=\"siteorigin-widget-tinymce textwidget\">\n\t<h3 class=\"regular-title\"><a href=\"https:\/\/centroastrologico.com.ar\/curso_intensivo_de_tarot_2024.php\">Tarot Terap\u00e9utico y los Arquetipos de Jung - En Vivo<\/a><\/h3>\n<\/div>\n<\/div><\/div><div id=\"panel-193-2-2-2\" class=\"so-panel widget widget_text\" data-index=\"14\" >\t\t\t<div class=\"textwidget\"><p>\u00c9ste curso est\u00e1 orientado a toda persona que quiera tener un conocimiento de las din\u00e1micas profundas de su mente, a la vez que realiza pr\u00e1cticas de concentraci\u00f3n y atenci\u00f3n que le permitir\u00e1n frenar los mecanismos errados de pensar, sentir y actuar que nos llevan&#8230;<\/p>\n<\/div>\n\t\t<\/div><div id=\"panel-193-2-2-3\" class=\"so-panel widget panel-last-child\" data-index=\"15\" ><\/div><\/div><div id=\"pgc-193-2-3\"  class=\"panel-grid-cell\" ><div id=\"panel-193-2-3-0\" class=\"so-panel widget panel-first-child\" data-index=\"16\" ><div class=\"panel-widget-style panel-widget-style-for-193-2-3-0\" ><\/div><\/div><div id=\"panel-193-2-3-1\" class=\"so-panel widget widget_sow-editor\" data-index=\"17\" ><div\n\t\t\t\n\t\t\tclass=\"so-widget-sow-editor so-widget-sow-editor-base\"\n\t\t\t\n\t\t>\n<div class=\"siteorigin-widget-tinymce textwidget\">\n\t<h3 class=\"regular-title\"><a href=\"http:\/\/www.aztlan.org.ar\/cursosonline\/mindfulness\/\">Mindfulness<\/a><\/h3>\n<\/div>\n<\/div><\/div><div id=\"panel-193-2-3-2\" class=\"so-panel widget widget_text\" data-index=\"18\" >\t\t\t<div class=\"textwidget\"><p>Para aquellos que quieran profundizar en los diferentes aspectos del Mindfulness. Este curso te permitir\u00e1 alcanzar mayores niveles de claridad en tu pr\u00e1ctica de la atenci\u00f3n plena introduciendo aspectos de la pr\u00e1ctica budista de Vipassana y Shamata. Lograr claridad y objetividad para ver la vida de una manera positiva\u2026<\/p>\n<\/div>\n\t\t<\/div><div id=\"panel-193-2-3-3\" class=\"so-panel widget panel-last-child\" data-index=\"19\" ><\/div><\/div><\/div><\/div><div id=\"pg-193-3\"  class=\"panel-grid panel-has-style\" ><div class=\"panel-row-style panel-row-style-for-193-3\" ><div id=\"pgc-193-3-0\"  class=\"panel-grid-cell\" ><div id=\"panel-193-3-0-0\" class=\"so-panel widget panel-first-child\" data-index=\"20\" ><div class=\"panel-widget-style panel-widget-style-for-193-3-0-0\" ><\/div><\/div><div id=\"panel-193-3-0-1\" class=\"so-panel widget widget_sow-editor\" data-index=\"21\" ><div\n\t\t\t\n\t\t\tclass=\"so-widget-sow-editor so-widget-sow-editor-base\"\n\t\t\t\n\t\t>\n<div class=\"siteorigin-widget-tinymce textwidget\">\n\t<h3 class=\"regular-title\"><a href=\"http:\/\/www.aztlan.org.ar\/cursosonline\/meditacion\/\">Meditaci\u00f3n<\/a><\/h3>\n<\/div>\n<\/div><\/div><div id=\"panel-193-3-0-2\" class=\"so-panel widget widget_text\" data-index=\"22\" >\t\t\t<div class=\"textwidget\"><p>\u00c9ste curso est\u00e1 orientado a toda persona que quiera tener un conocimiento de las din\u00e1micas profundas de su mente, a la vez que realiza pr\u00e1cticas de concentraci\u00f3n y atenci\u00f3n que le permitir\u00e1n frenar los mecanismos errados de pensar, sentir y actuar que nos llevan al sufrimiento y al dolor. Aprenderemos&#8230;<\/p>\n<\/div>\n\t\t<\/div><div id=\"panel-193-3-0-3\" class=\"so-panel widget panel-last-child\" data-index=\"23\" ><\/div><\/div><div id=\"pgc-193-3-1\"  class=\"panel-grid-cell\" ><div id=\"panel-193-3-1-0\" class=\"so-panel widget panel-first-child\" data-index=\"24\" ><div class=\"panel-widget-style panel-widget-style-for-193-3-1-0\" ><\/div><\/div><div id=\"panel-193-3-1-1\" class=\"so-panel widget widget_sow-editor\" data-index=\"25\" ><div\n\t\t\t\n\t\t\tclass=\"so-widget-sow-editor so-widget-sow-editor-base\"\n\t\t\t\n\t\t>\n<div class=\"siteorigin-widget-tinymce textwidget\">\n\t<h3 class=\"regular-title\"><a href=\"http:\/\/www.aztlan.org.ar\/cursosonline\/psicologia-zen-del-inconsciente\/\">Psicolog\u00eda Zen del Inconsciente<br \/>\n<\/a><\/h3>\n<\/div>\n<\/div><\/div><div id=\"panel-193-3-1-2\" class=\"so-panel widget widget_text\" data-index=\"26\" >\t\t\t<div class=\"textwidget\"><div class=\"text-curso-home\">\n<p class=\"home text-left\">El Budismo es toda una filosofia de vida y es tambi\u00e9n un sistema de ense\u00f1anzas psicol\u00f3gicas sumamente avanzadas. Actualmente, en occidente, ha proliferado la corriente Mahayana del Budismo que se ocupa fundamentalmente del aspecto devocional, ritual y de culto\u2026<\/p>\n<\/div>\n<\/div>\n\t\t<\/div><div id=\"panel-193-3-1-3\" class=\"so-panel widget panel-last-child\" data-index=\"27\" ><\/div><\/div><div id=\"pgc-193-3-2\"  class=\"panel-grid-cell\" ><div id=\"panel-193-3-2-0\" class=\"so-panel widget panel-first-child\" data-index=\"28\" ><div class=\"panel-widget-style panel-widget-style-for-193-3-2-0\" ><\/div><\/div><div id=\"panel-193-3-2-1\" class=\"so-panel widget widget_sow-editor\" data-index=\"29\" ><div\n\t\t\t\n\t\t\tclass=\"so-widget-sow-editor so-widget-sow-editor-base\"\n\t\t\t\n\t\t>\n<div class=\"siteorigin-widget-tinymce textwidget\">\n\t<h3 class=\"regular-title\"><a href=\"http:\/\/www.aztlan.org.ar\/cursosonline\/filosofia-hindu\/\">Filosof\u00eda Hind\u00fa<\/a><\/h3>\n<\/div>\n<\/div><\/div><div id=\"panel-193-3-2-2\" class=\"so-panel widget widget_text\" data-index=\"30\" >\t\t\t<div class=\"textwidget\"><p>En la India existen desde hace miles de a\u00f1os seis escuelas de filosof\u00eda cada una con una cosmovisi\u00f3n y pr\u00e1cticas particulares orientadas al desarrollo de todos los aspectos del ser humano, y as\u00ed brindar al alumno la posibilidad de lograr un estado superior de consciencia.<\/p>\n<\/div>\n\t\t<\/div><div id=\"panel-193-3-2-3\" class=\"so-panel widget panel-last-child\" data-index=\"31\" ><\/div><\/div><div id=\"pgc-193-3-3\"  class=\"panel-grid-cell\" ><div id=\"panel-193-3-3-0\" class=\"so-panel widget panel-first-child\" data-index=\"32\" ><div class=\"panel-widget-style panel-widget-style-for-193-3-3-0\" ><\/div><\/div><div id=\"panel-193-3-3-1\" class=\"so-panel widget widget_sow-editor\" data-index=\"33\" ><div\n\t\t\t\n\t\t\tclass=\"so-widget-sow-editor so-widget-sow-editor-base\"\n\t\t\t\n\t\t>\n<div class=\"siteorigin-widget-tinymce textwidget\">\n\t<h3 class=\"regular-title\"><a href=\"http:\/\/www.aztlan.org.ar\/cursosonline\/cuarto-camino\/\">Cuarto Camino<\/a><\/h3>\n<\/div>\n<\/div><\/div><div id=\"panel-193-3-3-2\" class=\"so-panel widget widget_text\" data-index=\"34\" >\t\t\t<div class=\"textwidget\"><p>EL Cuarto Camino propone trabajar a la par sobre el Centro Motriz (cuerpo y salud f\u00edsica) , Centro Emocional (sentimientos, emociones y m\u00edstica) y Centro Intelectual (desarrollo del pensamiento y del conocimiento). El resultado : un conocimiento pr\u00e1ctico y te\u00f3rico sobre el hombre y la mujer del Siglo XXI&#8230;<\/p>\n<\/div>\n\t\t<\/div><div id=\"panel-193-3-3-3\" class=\"so-panel widget panel-last-child\" data-index=\"35\" ><\/div><\/div><\/div><\/div><div id=\"pg-193-4\"  class=\"panel-grid panel-has-style\" ><div class=\"panel-row-style panel-row-style-for-193-4\" ><div id=\"pgc-193-4-0\"  class=\"panel-grid-cell\" ><div id=\"panel-193-4-0-0\" class=\"so-panel widget panel-first-child\" data-index=\"36\" ><div class=\"panel-widget-style panel-widget-style-for-193-4-0-0\" ><\/div><\/div><div id=\"panel-193-4-0-1\" class=\"so-panel widget widget_sow-editor\" data-index=\"37\" ><div\n\t\t\t\n\t\t\tclass=\"so-widget-sow-editor so-widget-sow-editor-base\"\n\t\t\t\n\t\t>\n<div class=\"siteorigin-widget-tinymce textwidget\">\n\t<h3 class=\"regular-title\"><a href=\"http:\/\/www.aztlan.org.ar\/cursosonline\/psicologia-arquetipica-de-carl-g-jung\/\">Psicolog\u00eda Arquet\u00edpica de Carl G. Jung<\/a><\/h3>\n<\/div>\n<\/div><\/div><div id=\"panel-193-4-0-2\" class=\"so-panel widget widget_text\" data-index=\"38\" >\t\t\t<div class=\"textwidget\"><p>La Psicolog\u00eda de Carl Gustav Jung es la Psicolog\u00eda del Inconsciente Colectivo y Arquetipos. Ambos t\u00e9rminos hacen referencia a un estrato m\u00e1s profundo de nuestra Psique: El Inconsciente Colectivo, donde se alojan los Arquetipos, modelos primordiales universales y atemporales. Psique proviene del griego, y es\u2026<\/p>\n<\/div>\n\t\t<\/div><div id=\"panel-193-4-0-3\" class=\"so-panel widget panel-last-child\" data-index=\"39\" ><\/div><\/div><div id=\"pgc-193-4-1\"  class=\"panel-grid-cell\" ><div id=\"panel-193-4-1-0\" class=\"so-panel widget panel-first-child\" data-index=\"40\" ><div class=\"panel-widget-style panel-widget-style-for-193-4-1-0\" ><\/div><\/div><div id=\"panel-193-4-1-1\" class=\"so-panel widget widget_sow-editor\" data-index=\"41\" ><div\n\t\t\t\n\t\t\tclass=\"so-widget-sow-editor so-widget-sow-editor-base\"\n\t\t\t\n\t\t>\n<div class=\"siteorigin-widget-tinymce textwidget\">\n\t<h3 class=\"regular-title\"><a href=\"http:\/\/www.aztlan.org.ar\/cursosonline\/la-interpretacion-de-los-suenos\/\">La Interpretaci\u00f3n de los Sue\u00f1os<br \/>\n<\/a><\/h3>\n<\/div>\n<\/div><\/div><div id=\"panel-193-4-1-2\" class=\"so-panel widget widget_text\" data-index=\"42\" >\t\t\t<div class=\"textwidget\"><p>La medicina y los enfoques psicol\u00f3gicos modernos de tipo materialista no han sabido responder con certeza a porqu\u00e9 nuestro cuerpo necesita del dormir y menos a\u00fan el porque de nuestras enso\u00f1aciones&#8230;<\/p>\n<\/div>\n\t\t<\/div><div id=\"panel-193-4-1-3\" class=\"so-panel widget panel-last-child\" data-index=\"43\" ><\/div><\/div><div id=\"pgc-193-4-2\"  class=\"panel-grid-cell\" ><div id=\"panel-193-4-2-0\" class=\"so-panel widget panel-first-child\" data-index=\"44\" ><div class=\"panel-widget-style panel-widget-style-for-193-4-2-0\" ><\/div><\/div><div id=\"panel-193-4-2-1\" class=\"so-panel widget widget_sow-editor\" data-index=\"45\" ><div\n\t\t\t\n\t\t\tclass=\"so-widget-sow-editor so-widget-sow-editor-base\"\n\t\t\t\n\t\t>\n<div class=\"siteorigin-widget-tinymce textwidget\">\n\t<h3 class=\"regular-title\"><a href=\"http:\/\/www.aztlan.org.ar\/cursosonline\/curso-tarot-egipcio\/ \">Tarot Egipcio<\/a><\/h3>\n<\/div>\n<\/div><\/div><div id=\"panel-193-4-2-2\" class=\"so-panel widget widget_text\" data-index=\"46\" >\t\t\t<div class=\"textwidget\"><div>El Tarot, es hoy en dia mayoritariamente considerado como una mancia adivinatoria. El enfoque de Carl G. Jung nos invita a redescubrirlo como una herramienta de gu\u00eda y autonocomiento. El Tarot Egipcio es el mazo original de 78 cartas (22 arcanos mayores y 56 arcanos menores) que llega a la modernidad&#8230;<\/div>\n<\/div>\n\t\t<\/div><div id=\"panel-193-4-2-3\" class=\"so-panel widget panel-last-child\" data-index=\"47\" ><\/div><\/div><div id=\"pgc-193-4-3\"  class=\"panel-grid-cell\" ><div id=\"panel-193-4-3-0\" class=\"so-panel widget panel-first-child\" data-index=\"48\" ><div class=\"panel-widget-style panel-widget-style-for-193-4-3-0\" ><\/div><\/div><div id=\"panel-193-4-3-1\" class=\"so-panel widget widget_sow-editor\" data-index=\"49\" ><div\n\t\t\t\n\t\t\tclass=\"so-widget-sow-editor so-widget-sow-editor-base\"\n\t\t\t\n\t\t>\n<div class=\"siteorigin-widget-tinymce textwidget\">\n\t<h3 class=\"regular-title\"><a href=\"http:\/\/www.aztlan.org.ar\/cursosonline\/curso-arcanos-menores\/\">Los 56 Arcanos Menores del Tarot<\/a><\/h3>\n<\/div>\n<\/div><\/div><div id=\"panel-193-4-3-2\" class=\"so-panel widget widget_text\" data-index=\"50\" >\t\t\t<div class=\"textwidget\"><div>Los Arcanos Menores, si bien no son tan complejos en su simbolismo como los Arcanos. Mayores, tienen sin embargo un papel muy importante en una consulta de Tarot, ya que donde los Arcanos Mayores nos muestran situaciones e im\u00e1genes arquet\u00edpicas y relativas&#8230;<\/div>\n<\/div>\n\t\t<\/div><div id=\"panel-193-4-3-3\" class=\"so-panel widget panel-last-child\" data-index=\"51\" ><\/div><\/div><\/div><\/div><div id=\"pg-193-5\"  class=\"panel-grid panel-has-style\" ><div class=\"panel-row-style panel-row-style-for-193-5\" ><div id=\"pgc-193-5-0\"  class=\"panel-grid-cell\" ><div id=\"panel-193-5-0-0\" class=\"so-panel widget panel-first-child\" data-index=\"52\" ><div class=\"panel-widget-style panel-widget-style-for-193-5-0-0\" ><\/div><\/div><div id=\"panel-193-5-0-1\" class=\"so-panel widget widget_sow-editor\" data-index=\"53\" ><div\n\t\t\t\n\t\t\tclass=\"so-widget-sow-editor so-widget-sow-editor-base\"\n\t\t\t\n\t\t>\n<div class=\"siteorigin-widget-tinymce textwidget\">\n\t<h3 class=\"regular-title\"><a href=\"https:\/\/www.aztlan.org.ar\/cursosonline\/eneagrama\/\">Eneagrama<\/a><\/h3>\n<\/div>\n<\/div><\/div><div id=\"panel-193-5-0-2\" class=\"so-panel widget widget_text\" data-index=\"54\" >\t\t\t<div class=\"textwidget\"><p>La Ciencia del Eneagrama fu\u00e9 introducida a Occidente por George I. Gurdjieff. Seg\u00fan \u00e9l, era el s\u00edmbolo m\u00e1s importante de una antigua orden llamada la \u00abHermandad Sarmun\u00bb. El Eneagrama es una clave para entender cualquier estructura y cualquier proceso recurrente, entre ellos y el m\u00e1s importante el funcionamiento de nuestra mente.<\/p>\n<\/div>\n\t\t<\/div><div id=\"panel-193-5-0-3\" class=\"so-panel widget panel-last-child\" data-index=\"55\" ><\/div><\/div><div id=\"pgc-193-5-1\"  class=\"panel-grid-cell\" ><div id=\"panel-193-5-1-0\" class=\"so-panel widget panel-first-child\" data-index=\"56\" ><div class=\"panel-widget-style panel-widget-style-for-193-5-1-0\" ><\/div><\/div><div id=\"panel-193-5-1-1\" class=\"so-panel widget widget_sow-editor\" data-index=\"57\" ><div\n\t\t\t\n\t\t\tclass=\"so-widget-sow-editor so-widget-sow-editor-base\"\n\t\t\t\n\t\t>\n<div class=\"siteorigin-widget-tinymce textwidget\">\n\t<h3 class=\"regular-title\"><a href=\"https:\/\/www.aztlan.org.ar\/cursosonline\/astrologia-horaria\/\">Astrolog\u00eda Horaria<\/a><\/h3>\n<\/div>\n<\/div><\/div><div id=\"panel-193-5-1-2\" class=\"so-panel widget widget_text\" data-index=\"58\" >\t\t\t<div class=\"textwidget\"><p>Este curso est\u00e1 orientado a todos los interesados en aprender los fundamentos de la Predicci\u00f3n Astrol\u00f3gica para los principales eventos de la Vida Cotidiana.<\/p>\n<\/div>\n\t\t<\/div><div id=\"panel-193-5-1-3\" class=\"so-panel widget panel-last-child\" data-index=\"59\" ><\/div><\/div><div id=\"pgc-193-5-2\"  class=\"panel-grid-cell panel-grid-cell-empty panel-grid-cell-mobile-last\" ><\/div><div id=\"pgc-193-5-3\"  class=\"panel-grid-cell panel-grid-cell-empty\" ><\/div><\/div><\/div><\/div>","protected":false},"excerpt":{"rendered":"<p>Slider El Alfabeto Astrol\u00f3gico &#8211; En Vivo La ASTROLOG\u00cdA a trav\u00e9s de la carta natal, revela tendencias y pautas de la personalidad de un modo claro y preciso, desde una visi\u00f3n hol\u00edstica que nos permite observarnos a nosotros mismos, y a otros individuos, con mayor desapego y objetividad. Al aprender Astrolog\u00eda&#8230; Psicoterapia de C. G. [&hellip;]<\/p>\n","protected":false},"author":1,"featured_media":0,"parent":0,"menu_order":0,"comment_status":"closed","ping_status":"closed","template":"","meta":{"footnotes":""},"class_list":["post-193","page","type-page","status-publish","hentry"],"_links":{"self":[{"href":"https:\/\/www.aztlan.org.ar\/cursosonline\/wp-json\/wp\/v2\/pages\/193","targetHints":{"allow":["GET"]}}],"collection":[{"href":"https:\/\/www.aztlan.org.ar\/cursosonline\/wp-json\/wp\/v2\/pages"}],"about":[{"href":"https:\/\/www.aztlan.org.ar\/cursosonline\/wp-json\/wp\/v2\/types\/page"}],"author":[{"embeddable":true,"href":"https:\/\/www.aztlan.org.ar\/cursosonline\/wp-json\/wp\/v2\/users\/1"}],"replies":[{"embeddable":true,"href":"https:\/\/www.aztlan.org.ar\/cursosonline\/wp-json\/wp\/v2\/comments?post=193"}],"version-history":[{"count":394,"href":"https:\/\/www.aztlan.org.ar\/cursosonline\/wp-json\/wp\/v2\/pages\/193\/revisions"}],"predecessor-version":[{"id":2374,"href":"https:\/\/www.aztlan.org.ar\/cursosonline\/wp-json\/wp\/v2\/pages\/193\/revisions\/2374"}],"wp:attachment":[{"href":"https:\/\/www.aztlan.org.ar\/cursosonline\/wp-json\/wp\/v2\/media?parent=193"}],"curies":[{"name":"wp","href":"https:\/\/api.w.org\/{rel}","templated":true}]}}