{"id":1905,"date":"2019-05-18T05:37:46","date_gmt":"2019-05-18T05:37:46","guid":{"rendered":"http:\/\/www.aztlan.org.ar\/cursosonline\/?page_id=1905"},"modified":"2022-04-18T04:19:31","modified_gmt":"2022-04-18T04:19:31","slug":"grafologia","status":"publish","type":"page","link":"https:\/\/www.aztlan.org.ar\/cursosonline\/grafologia\/","title":{"rendered":"Conociendo tu Car\u00e1cter: Grafolog\u00eda"},"content":{"rendered":"<div id=\"pl-1905\"  class=\"panel-layout\" ><div id=\"pg-1905-0\"  class=\"panel-grid panel-has-style\" ><div class=\"panel-row-style panel-row-style-for-1905-0\" ><div id=\"pgc-1905-0-0\"  class=\"panel-grid-cell\" ><div id=\"panel-1905-0-0-0\" class=\"so-panel widget panel-first-child\" data-index=\"0\" ><\/div><div id=\"panel-1905-0-0-1\" class=\"so-panel widget widget_text panel-last-child\" data-index=\"1\" >\t\t\t<div class=\"textwidget\"><p>&nbsp;<\/p>\n<p>La interpretaci\u00f3n de nuestra escritura y firma nos permiten descubrir nuestras verdaderas capacidades y nuestras posibilidades de desarrollo en la vida.<br \/>\nComo la vida nunca repite circunstancias, cada escritura var\u00eda en caracter\u00edsticas y combinaciones, mostrando as\u00ed la individualidad de cada persona.<br \/>\nAs\u00ed como en la vida todo vibra influyendo a todo, en la escritura cada signo, palabra, rengl\u00f3n, espacio y forma reflejan naturaleza m\u00e1s profunda.<\/p>\n<\/div>\n\t\t<\/div><\/div><\/div><\/div><div id=\"pg-1905-1\"  class=\"panel-grid panel-no-style\" ><div id=\"pgc-1905-1-0\"  class=\"panel-grid-cell\" ><div id=\"panel-1905-1-0-0\" class=\"so-panel widget widget_text panel-first-child panel-last-child\" data-index=\"2\" >\t\t\t<div class=\"textwidget\"><div><\/div>\n<div>\n<h3>\u00bfCu\u00e1l es la modalidad del taller?<\/h3>\n<p>Los talleres a distancia constan de 1 clase en video de 2 horas 30 minutos.<\/p>\n<\/div>\n<div>\n<h3>\u00bfC\u00f3mo recibo la clase?<\/h3>\n<p>Podr\u00e1 descargar la clase desde nuestro sitio web con su usuario.<\/p>\n<\/div>\n<div>\n<h3>\u00bfC\u00f3mo es la relaci\u00f3n con el profesor tutor?<\/h3>\n<p>Se contactar\u00e1 v\u00eda e-mail con el profesor a cargo del taller, quien ser\u00e1 su profesor tutor y personalmente responder\u00e1 sus dudas.<\/p>\n<h3>\u00bfCu\u00e1l es el valor del curso?<\/h3>\n<p>U$S 150<\/p>\n<\/div>\n<div>\n<h3>\u00bfCu\u00e1les son los medio de pago disponibles?<\/h3>\n<ul>\n<li>Transferencia bancaria<\/li>\n<li>Dep\u00f3sito bancario<\/li>\n<li>Western Union<\/li>\n<li>Mercado Pago<\/li>\n<li>Pay Pal<\/li>\n<\/ul>\n<\/div>\n<\/div>\n\t\t<\/div><\/div><\/div><div id=\"pg-1905-2\"  class=\"panel-grid panel-no-style\" ><div id=\"pgc-1905-2-0\"  class=\"panel-grid-cell\" ><div id=\"panel-1905-2-0-0\" class=\"so-panel widget widget_text panel-first-child panel-last-child\" data-index=\"3\" >\t\t\t<div class=\"textwidget\"><h2>Programa:<\/h2>\n<ul>\n<li>Elementos de la Escritura:\n<ul>\n<li>Las letras: aptitudes individuales y sociales; el pensamiento, las emociones y las sensaciones en el individuo.<\/li>\n<li>Los trazos: la forma de expresarse.<\/li>\n<li>Los ritmos: la forma de reaccionar.<\/li>\n<\/ul>\n<\/li>\n<li>El estudio de la firma: nuestra individualidad manifiesta.<\/li>\n<li>Los 4 tipos bio-psicol\u00f3gicos en la Grafolog\u00eda: Volitivo, Intelectual, Impulsivo, Sensual.<\/li>\n<\/ul>\n<\/div>\n\t\t<\/div><\/div><\/div><div id=\"pg-1905-3\"  class=\"panel-grid panel-no-style\" ><div id=\"pgc-1905-3-0\"  class=\"panel-grid-cell\" ><div id=\"panel-1905-3-0-0\" class=\"so-panel widget panel-first-child panel-last-child\" data-index=\"4\" ><div class=\"panel-widget-style panel-widget-style-for-1905-3-0-0\" ><\/div><\/div><\/div><div id=\"pgc-1905-3-1\"  class=\"panel-grid-cell\" ><div id=\"panel-1905-3-1-0\" class=\"so-panel widget widget_text panel-first-child panel-last-child\" data-index=\"5\" >\t\t\t<div class=\"textwidget\"><p><a href=\"https:\/\/api.whatsapp.com\/send?phone=5491158379788&#038;text=\" style=\"background-color: #4dc247; padding: 8px 31px 7px 11px; border-radius: 30px; max-width: 25px; float: left;     margin-top: -8px;\"><i class=\"fa fa-whatsapp fa-1x\" style=\"color: #fff\"><\/i><\/a><\/p>\n<p class=\"p1\">\u00a0+54 9 11 5837 9788<\/p>\n<\/div>\n\t\t<\/div><\/div><\/div><\/div><!-- AddThis Advanced Settings generic via filter on the_content --><!-- AddThis Share Buttons generic via filter on the_content -->","protected":false},"excerpt":{"rendered":"<p>&nbsp; La interpretaci\u00f3n de nuestra escritura y firma nos permiten descubrir nuestras verdaderas capacidades y nuestras posibilidades de desarrollo en la vida. Como la vida nunca repite circunstancias, cada escritura var\u00eda en caracter\u00edsticas y combinaciones, mostrando as\u00ed la individualidad de cada persona. As\u00ed como en la vida todo vibra influyendo a todo, en la escritura [&hellip;]<!-- AddThis Advanced Settings generic via filter on get_the_excerpt --><!-- AddThis Share Buttons generic via filter on get_the_excerpt --><\/p>\n","protected":false},"author":1,"featured_media":0,"parent":0,"menu_order":0,"comment_status":"closed","ping_status":"closed","template":"","meta":{"footnotes":""},"class_list":["post-1905","page","type-page","status-publish","hentry"],"_links":{"self":[{"href":"https:\/\/www.aztlan.org.ar\/cursosonline\/wp-json\/wp\/v2\/pages\/1905","targetHints":{"allow":["GET"]}}],"collection":[{"href":"https:\/\/www.aztlan.org.ar\/cursosonline\/wp-json\/wp\/v2\/pages"}],"about":[{"href":"https:\/\/www.aztlan.org.ar\/cursosonline\/wp-json\/wp\/v2\/types\/page"}],"author":[{"embeddable":true,"href":"https:\/\/www.aztlan.org.ar\/cursosonline\/wp-json\/wp\/v2\/users\/1"}],"replies":[{"embeddable":true,"href":"https:\/\/www.aztlan.org.ar\/cursosonline\/wp-json\/wp\/v2\/comments?post=1905"}],"version-history":[{"count":6,"href":"https:\/\/www.aztlan.org.ar\/cursosonline\/wp-json\/wp\/v2\/pages\/1905\/revisions"}],"predecessor-version":[{"id":2242,"href":"https:\/\/www.aztlan.org.ar\/cursosonline\/wp-json\/wp\/v2\/pages\/1905\/revisions\/2242"}],"wp:attachment":[{"href":"https:\/\/www.aztlan.org.ar\/cursosonline\/wp-json\/wp\/v2\/media?parent=1905"}],"curies":[{"name":"wp","href":"https:\/\/api.w.org\/{rel}","templated":true}]}}