{"id":1893,"date":"2019-05-18T05:13:58","date_gmt":"2019-05-18T05:13:58","guid":{"rendered":"http:\/\/www.aztlan.org.ar\/cursosonline\/?page_id=1893"},"modified":"2022-04-18T04:15:03","modified_gmt":"2022-04-18T04:15:03","slug":"taller-vocacion-real","status":"publish","type":"page","link":"https:\/\/www.aztlan.org.ar\/cursosonline\/taller-vocacion-real\/","title":{"rendered":"Numerolog\u00eda: Descubr\u00ed tu Vocaci\u00f3n Real"},"content":{"rendered":"<div id=\"pl-1893\"  class=\"panel-layout\" ><div id=\"pg-1893-0\"  class=\"panel-grid panel-has-style\" ><div class=\"panel-row-style panel-row-style-for-1893-0\" ><div id=\"pgc-1893-0-0\"  class=\"panel-grid-cell\" ><div id=\"panel-1893-0-0-0\" class=\"so-panel widget panel-first-child\" data-index=\"0\" ><\/div><div id=\"panel-1893-0-0-1\" class=\"so-panel widget widget_text panel-last-child\" data-index=\"1\" >\t\t\t<div class=\"textwidget\"><p>&nbsp;<\/p>\n<p>La vocaci\u00f3n es un llamado. Este llamado nos invita a cumplir una misi\u00f3n especial en la vida, nos invita a realizar una serie de actividades en especial, entrar en contacto con cierto tipo de personas. Desde la Numerolog\u00eda, podr\u00e1s entender tu mejor modo de vivir la vida, conociendo o mejorando tu vocaci\u00f3n, al ayudarnos a conocer qui\u00e9nes somos, y brind\u00e1ndonos felicidad en lo que vivimos.<\/p>\n<\/div>\n\t\t<\/div><\/div><\/div><\/div><div id=\"pg-1893-1\"  class=\"panel-grid panel-no-style\" ><div id=\"pgc-1893-1-0\"  class=\"panel-grid-cell\" ><div id=\"panel-1893-1-0-0\" class=\"so-panel widget widget_text panel-first-child panel-last-child\" data-index=\"2\" >\t\t\t<div class=\"textwidget\"><div><\/div>\n<div>\n<h3>\u00bfCu\u00e1l es la modalidad del taller?<\/h3>\n<p>Los talleres a distancia constan de 1 clase en video de 2 horas 30 minutos.<\/p>\n<\/div>\n<div>\n<h3>\u00bfC\u00f3mo recibo la clase?<\/h3>\n<p>Podr\u00e1 descargar la clase desde nuestro sitio web con su usuario.<\/p>\n<\/div>\n<div>\n<h3>\u00bfC\u00f3mo es la relaci\u00f3n con el profesor tutor?<\/h3>\n<p>Se contactar\u00e1 v\u00eda e-mail con el profesor a cargo del taller, quien ser\u00e1 su profesor tutor y personalmente responder\u00e1 sus dudas.<\/p>\n<h3>\u00bfCu\u00e1l es el valor del curso?<\/h3>\n<p>U$S 150<\/p>\n<\/div>\n<div>\n<h3>\u00bfCu\u00e1les son los medio de pago disponibles?<\/h3>\n<ul>\n<li>Transferencia bancaria<\/li>\n<li>Dep\u00f3sito bancario<\/li>\n<li>Western Union<\/li>\n<li>Mercado Pago<\/li>\n<li>Pay Pal<\/li>\n<\/ul>\n<\/div>\n<\/div>\n\t\t<\/div><\/div><\/div><div id=\"pg-1893-2\"  class=\"panel-grid panel-no-style\" ><div id=\"pgc-1893-2-0\"  class=\"panel-grid-cell\" ><div id=\"panel-1893-2-0-0\" class=\"so-panel widget widget_text panel-first-child panel-last-child\" data-index=\"3\" >\t\t\t<div class=\"textwidget\"><ul>\n<li>La Escala del D\u00eda: el campo de actividad que mejor te corresponde, las inclinaciones naturales, las personas m\u00e1s propensas a cooperar con nuestros proyectos, c\u00f3mo superar los posibles obst\u00e1culos.<\/li>\n<li>Escala del Mes: tus propios deseos y tu modo de hacer mejor tu actividad profesional y vocacional.<\/li>\n<li>Escala de la Hora: las cualidades que tenemos que adquirir y las inclinaciones que traen obst\u00e1culos para adquirirlas.<\/li>\n<li>Escala de la Urgencia Interior: la misi\u00f3n que nos corresponde cumplir, los campos vocacionales en que podemos cosechar m\u00e1s y mejores frutos.<\/li>\n<\/ul>\n<\/div>\n\t\t<\/div><\/div><\/div><div id=\"pg-1893-3\"  class=\"panel-grid panel-no-style\" ><div id=\"pgc-1893-3-0\"  class=\"panel-grid-cell\" ><div id=\"panel-1893-3-0-0\" class=\"so-panel widget panel-first-child panel-last-child\" data-index=\"4\" ><div class=\"panel-widget-style panel-widget-style-for-1893-3-0-0\" ><\/div><\/div><\/div><div id=\"pgc-1893-3-1\"  class=\"panel-grid-cell\" ><div id=\"panel-1893-3-1-0\" class=\"so-panel widget widget_text panel-first-child panel-last-child\" data-index=\"5\" >\t\t\t<div class=\"textwidget\"><p><a href=\"https:\/\/api.whatsapp.com\/send?phone=5491158379788&#038;text=\" style=\"background-color: #4dc247; padding: 8px 31px 7px 11px; border-radius: 30px; max-width: 25px; float: left;     margin-top: -8px;\"><i class=\"fa fa-whatsapp fa-1x\" style=\"color: #fff\"><\/i><\/a><\/p>\n<p class=\"p1\">\u00a0+54 9 11 5837 9788<\/p>\n<\/div>\n\t\t<\/div><\/div><\/div><\/div><!-- AddThis Advanced Settings generic via filter on the_content --><!-- AddThis Share Buttons generic via filter on the_content -->","protected":false},"excerpt":{"rendered":"<p>&nbsp; La vocaci\u00f3n es un llamado. Este llamado nos invita a cumplir una misi\u00f3n especial en la vida, nos invita a realizar una serie de actividades en especial, entrar en contacto con cierto tipo de personas. Desde la Numerolog\u00eda, podr\u00e1s entender tu mejor modo de vivir la vida, conociendo o mejorando tu vocaci\u00f3n, al ayudarnos [&hellip;]<!-- AddThis Advanced Settings generic via filter on get_the_excerpt --><!-- AddThis Share Buttons generic via filter on get_the_excerpt --><\/p>\n","protected":false},"author":1,"featured_media":0,"parent":0,"menu_order":0,"comment_status":"closed","ping_status":"closed","template":"","meta":{"footnotes":""},"class_list":["post-1893","page","type-page","status-publish","hentry"],"_links":{"self":[{"href":"https:\/\/www.aztlan.org.ar\/cursosonline\/wp-json\/wp\/v2\/pages\/1893","targetHints":{"allow":["GET"]}}],"collection":[{"href":"https:\/\/www.aztlan.org.ar\/cursosonline\/wp-json\/wp\/v2\/pages"}],"about":[{"href":"https:\/\/www.aztlan.org.ar\/cursosonline\/wp-json\/wp\/v2\/types\/page"}],"author":[{"embeddable":true,"href":"https:\/\/www.aztlan.org.ar\/cursosonline\/wp-json\/wp\/v2\/users\/1"}],"replies":[{"embeddable":true,"href":"https:\/\/www.aztlan.org.ar\/cursosonline\/wp-json\/wp\/v2\/comments?post=1893"}],"version-history":[{"count":8,"href":"https:\/\/www.aztlan.org.ar\/cursosonline\/wp-json\/wp\/v2\/pages\/1893\/revisions"}],"predecessor-version":[{"id":2235,"href":"https:\/\/www.aztlan.org.ar\/cursosonline\/wp-json\/wp\/v2\/pages\/1893\/revisions\/2235"}],"wp:attachment":[{"href":"https:\/\/www.aztlan.org.ar\/cursosonline\/wp-json\/wp\/v2\/media?parent=1893"}],"curies":[{"name":"wp","href":"https:\/\/api.w.org\/{rel}","templated":true}]}}