{"id":1847,"date":"2019-05-18T02:58:15","date_gmt":"2019-05-18T02:58:15","guid":{"rendered":"http:\/\/www.aztlan.org.ar\/cursosonline\/?page_id=1847"},"modified":"2022-04-18T04:13:52","modified_gmt":"2022-04-18T04:13:52","slug":"taller-arcanos-mayores","status":"publish","type":"page","link":"https:\/\/www.aztlan.org.ar\/cursosonline\/taller-arcanos-mayores\/","title":{"rendered":"Arcanos Mayores del Tarot"},"content":{"rendered":"<div id=\"pl-1847\"  class=\"panel-layout\" ><div id=\"pg-1847-0\"  class=\"panel-grid panel-has-style\" ><div class=\"panel-row-style panel-row-style-for-1847-0\" ><div id=\"pgc-1847-0-0\"  class=\"panel-grid-cell\" ><div id=\"panel-1847-0-0-0\" class=\"so-panel widget panel-first-child\" data-index=\"0\" ><\/div><div id=\"panel-1847-0-0-1\" class=\"so-panel widget panel-last-child\" data-index=\"1\" ><div class=\"panel-widget-style panel-widget-style-for-1847-0-0-1\" ><\/div><\/div><\/div><\/div><\/div><div id=\"pg-1847-1\"  class=\"panel-grid panel-no-style\" ><div id=\"pgc-1847-1-0\"  class=\"panel-grid-cell\" ><div id=\"panel-1847-1-0-0\" class=\"so-panel widget widget_text panel-first-child panel-last-child\" data-index=\"2\" >\t\t\t<div class=\"textwidget\"><div><\/div>\n<div>\n<h3>\u00bfCu\u00e1l es la modalidad del taller?<\/h3>\n<p>Los talleres a distancia constan de 1 clase en video de 2 horas 30 minutos.<\/p>\n<\/div>\n<div>\n<h3>\u00bfC\u00f3mo recibo la clase?<\/h3>\n<p>Podr\u00e1 descargar la clase desde nuestro sitio web con su usuario.<\/p>\n<\/div>\n<div>\n<h3>\u00bfC\u00f3mo es la relaci\u00f3n con el profesor tutor?<\/h3>\n<p>Se contactar\u00e1 v\u00eda e-mail con el profesor a cargo del taller, quien ser\u00e1 su profesor tutor y personalmente responder\u00e1 sus dudas.<\/p>\n<h3>\u00bfCu\u00e1l es el valor del curso?<\/h3>\n<p>U$S 150<\/p>\n<\/div>\n<div>\n<h3>\u00bfCu\u00e1les son los medio de pago disponibles?<\/h3>\n<ul>\n<li>Transferencia bancaria<\/li>\n<li>Dep\u00f3sito bancario<\/li>\n<li>Western Union<\/li>\n<li>Mercado Pago<\/li>\n<li>Pay Pal<\/li>\n<\/ul>\n<\/div>\n<\/div>\n\t\t<\/div><\/div><\/div><div id=\"pg-1847-2\"  class=\"panel-grid panel-no-style\" ><div id=\"pgc-1847-2-0\"  class=\"panel-grid-cell\" ><div id=\"panel-1847-2-0-0\" class=\"so-panel widget widget_text panel-first-child panel-last-child\" data-index=\"3\" >\t\t\t<div class=\"textwidget\"><h2>Programa:<\/h2>\n<ul>\n<li>Origen y usos del Tarot. Tarot Predictivo y para el Autoconocimiento.<\/li>\n<li>Los distintos tipos de mazos: Egipcio, Marsell\u00e9s, Rider-Waite, etc. \u00bfQu\u00e9 diferencias hay entre ellos?<\/li>\n<li>El Recorrido del Loco. El Viaje del H\u00e9roe.<\/li>\n<li>Simbolismo de cada Arcano.<\/li>\n<li>\u00bfC\u00f3mo funciona el Tarot? Los Arquetipos de Carl Jung y la Ley de Sincronicidad:<\/li>\n<li>Cartas Invertidas. \u00bfCu\u00e1l es su mensaje?<\/li>\n<li>La Lectura Diaria. \u00bfC\u00f3mo preguntar al Tarot y conectarnos con nuestro gu\u00eda interior?<\/li>\n<\/ul>\n<\/div>\n\t\t<\/div><\/div><\/div><div id=\"pg-1847-3\"  class=\"panel-grid panel-no-style\" ><div id=\"pgc-1847-3-0\"  class=\"panel-grid-cell\" ><div id=\"panel-1847-3-0-0\" class=\"so-panel widget panel-first-child panel-last-child\" data-index=\"4\" ><div class=\"panel-widget-style panel-widget-style-for-1847-3-0-0\" ><\/div><\/div><\/div><div id=\"pgc-1847-3-1\"  class=\"panel-grid-cell\" ><div id=\"panel-1847-3-1-0\" class=\"so-panel widget widget_text panel-first-child panel-last-child\" data-index=\"5\" >\t\t\t<div class=\"textwidget\"><p><a href=\"https:\/\/api.whatsapp.com\/send?phone=5491158379788&#038;text=\" style=\"background-color: #4dc247; padding: 8px 31px 7px 11px; border-radius: 30px; max-width: 25px; float: left;     margin-top: -8px;\"><i class=\"fa fa-whatsapp fa-1x\" style=\"color: #fff\"><\/i><\/a><\/p>\n<p class=\"p1\">\u00a0+54 9 11 5837 9788<\/p>\n<\/div>\n\t\t<\/div><\/div><\/div><\/div><!-- AddThis Advanced Settings generic via filter on the_content --><!-- AddThis Share Buttons generic via filter on the_content -->","protected":false},"excerpt":{"rendered":"<p>\u00bfCu\u00e1l es la modalidad del taller? Los talleres a distancia constan de 1 clase en video de 2 horas 30 minutos. \u00bfC\u00f3mo recibo la clase? Podr\u00e1 descargar la clase desde nuestro sitio web con su usuario. \u00bfC\u00f3mo es la relaci\u00f3n con el profesor tutor? Se contactar\u00e1 v\u00eda e-mail con el profesor a cargo del taller, [&hellip;]<!-- AddThis Advanced Settings generic via filter on get_the_excerpt --><!-- AddThis Share Buttons generic via filter on get_the_excerpt --><\/p>\n","protected":false},"author":1,"featured_media":0,"parent":0,"menu_order":0,"comment_status":"closed","ping_status":"closed","template":"","meta":{"footnotes":""},"class_list":["post-1847","page","type-page","status-publish","hentry"],"_links":{"self":[{"href":"https:\/\/www.aztlan.org.ar\/cursosonline\/wp-json\/wp\/v2\/pages\/1847","targetHints":{"allow":["GET"]}}],"collection":[{"href":"https:\/\/www.aztlan.org.ar\/cursosonline\/wp-json\/wp\/v2\/pages"}],"about":[{"href":"https:\/\/www.aztlan.org.ar\/cursosonline\/wp-json\/wp\/v2\/types\/page"}],"author":[{"embeddable":true,"href":"https:\/\/www.aztlan.org.ar\/cursosonline\/wp-json\/wp\/v2\/users\/1"}],"replies":[{"embeddable":true,"href":"https:\/\/www.aztlan.org.ar\/cursosonline\/wp-json\/wp\/v2\/comments?post=1847"}],"version-history":[{"count":10,"href":"https:\/\/www.aztlan.org.ar\/cursosonline\/wp-json\/wp\/v2\/pages\/1847\/revisions"}],"predecessor-version":[{"id":2231,"href":"https:\/\/www.aztlan.org.ar\/cursosonline\/wp-json\/wp\/v2\/pages\/1847\/revisions\/2231"}],"wp:attachment":[{"href":"https:\/\/www.aztlan.org.ar\/cursosonline\/wp-json\/wp\/v2\/media?parent=1847"}],"curies":[{"name":"wp","href":"https:\/\/api.w.org\/{rel}","templated":true}]}}