{"id":1603,"date":"2018-12-01T02:45:59","date_gmt":"2018-12-01T02:45:59","guid":{"rendered":"http:\/\/www.aztlan.org.ar\/cursosonline\/?page_id=1603"},"modified":"2019-02-19T02:26:27","modified_gmt":"2019-02-19T02:26:27","slug":"tarot-egipcio","status":"publish","type":"page","link":"https:\/\/www.aztlan.org.ar\/cursosonline\/tarot-egipcio\/","title":{"rendered":"Tarot Egipcio"},"content":{"rendered":"<div id=\"pl-1603\"  class=\"panel-layout\" ><div id=\"pg-1603-0\"  class=\"panel-grid panel-has-style\" ><div class=\"panel-row-style panel-row-style-for-1603-0\" ><div id=\"pgc-1603-0-0\"  class=\"panel-grid-cell\" ><div id=\"panel-1603-0-0-0\" class=\"so-panel widget panel-first-child\" data-index=\"0\" ><\/div><div id=\"panel-1603-0-0-1\" class=\"so-panel widget panel-last-child\" data-index=\"1\" ><\/div><\/div><\/div><\/div><div id=\"pg-1603-1\"  class=\"panel-grid panel-no-style\" ><div id=\"pgc-1603-1-0\"  class=\"panel-grid-cell\" ><div id=\"panel-1603-1-0-0\" class=\"so-panel widget widget_sow-editor panel-first-child panel-last-child\" data-index=\"2\" ><div\n\t\t\t\n\t\t\tclass=\"so-widget-sow-editor so-widget-sow-editor-base\"\n\t\t\t\n\t\t>\n<div class=\"siteorigin-widget-tinymce textwidget\">\n\t<div>\n<p>Cada arcano act\u00faa en los tres planos de existencia (espiritual, mental y f\u00edsico), lo cual se muestra en los tres representados en cada carta.<\/p>\n<p>Adem\u00e1s, en cada carta se expresa la influencia del arquetipo de los dioses egipcios y las costumbres del antiguo Egipto. Tambi\u00e9n se observa la relaci\u00f3n con la Astrolog\u00eda y las letras hebreas, as\u00ed mismo, est\u00e1n las correspondencias numerol\u00f3gias dadas las relaciones de jerarqu\u00eda de los arcanos.<\/p>\n<\/div>\n<div><\/div>\n<div>\n<h3>\u00bfCu\u00e1l es la modalidad de los cursos?<\/h3>\n<p>Los cursos de Tarot a distancia constan de 12 Clases en video. Cada clase dura 50min. aproximadamente.<\/p>\n<\/div>\n<div>\n<h3>\u00bfC\u00f3mo recibo las clases?<\/h3>\n<p>Podr\u00e1 descargar las clases semanalmente desde nuestro sitio web con su usuario.<\/p>\n<\/div>\n<div>\n<h3>\u00bfC\u00f3mo es la relaci\u00f3n con el profesor tutor?<\/h3>\n<p>Se contactar\u00e1 v\u00eda e-mail con el profesor a cargo del curso, quien ser\u00e1 su profesor tutor y personalmente responder\u00e1 sus dudas.<\/p>\n<h3>\u00bfCu\u00e1l es el valor del curso?<\/h3>\n<p>U$S 200<\/p>\n<\/div>\n<div>\n<h3>\u00bfCu\u00e1les son los medio de pago disponibles?<\/h3>\n<ul>\n<li>Transferencia bancaria<\/li>\n<li>Dep\u00f3sito bancario<\/li>\n<li>Western Union<\/li>\n<li>Mercado Pago<\/li>\n<li>Pay Pal<\/li>\n<\/ul>\n<\/div>\n<\/div>\n<\/div><\/div><\/div><\/div><div id=\"pg-1603-2\"  class=\"panel-grid panel-no-style\" ><div id=\"pgc-1603-2-0\"  class=\"panel-grid-cell\" ><div id=\"panel-1603-2-0-0\" class=\"so-panel widget widget_sow-editor panel-first-child panel-last-child\" data-index=\"3\" ><div\n\t\t\t\n\t\t\tclass=\"so-widget-sow-editor so-widget-sow-editor-base\"\n\t\t\t\n\t\t>\n<div class=\"siteorigin-widget-tinymce textwidget\">\n\t<h2>Programa:<\/h2>\n<ul>\n<li>Estructura de los Arcanos. Los Planos Espiritual, Mental y F\u00edsico.<\/li>\n<li>Diferencia entre los Arcanos Mayores y Menores en el Tarot Egipcio.<\/li>\n<li>Simbolismos y Cualidades de los 78 Arcanos<\/li>\n<li>Sus relaciones con la Astrolog\u00eda. Signos y Planetas.<\/li>\n<li>El arte de la Predicci\u00f3n. Condiciones necesarias.<\/li>\n<li>C\u00f3mo preguntar y c\u00f3mo interpretar la respuesta.<\/li>\n<li>Tirada de las Casas Astrol\u00f3gicas.<\/li>\n<li>Tiradas Predictivas.<\/li>\n<li>Tirada de la Carta Natal Personal.<\/li>\n<li>Consultas sobre Econom\u00eda y negocios, Amor y otras relaciones personales, Salud, Espiritualidad.<\/li>\n<\/ul>\n<\/div>\n<\/div><\/div><\/div><\/div><div id=\"pg-1603-3\"  class=\"panel-grid panel-no-style\" ><div id=\"pgc-1603-3-0\"  class=\"panel-grid-cell\" ><div id=\"panel-1603-3-0-0\" class=\"so-panel widget panel-first-child panel-last-child\" data-index=\"4\" ><div class=\"panel-widget-style panel-widget-style-for-1603-3-0-0\" ><\/div><\/div><\/div><div id=\"pgc-1603-3-1\"  class=\"panel-grid-cell\" ><div id=\"panel-1603-3-1-0\" class=\"so-panel widget widget_sow-editor panel-first-child panel-last-child\" data-index=\"5\" ><div class=\"panel-widget-style panel-widget-style-for-1603-3-1-0\" ><div\n\t\t\t\n\t\t\tclass=\"so-widget-sow-editor so-widget-sow-editor-base\"\n\t\t\t\n\t\t>\n<div class=\"siteorigin-widget-tinymce textwidget\">\n\t<p class=\"p1\">Valor del curso USD 200<\/p>\n<\/div>\n<\/div><\/div><\/div><\/div><\/div><\/div><!-- AddThis Advanced Settings generic via filter on the_content --><!-- AddThis Share Buttons generic via filter on the_content -->","protected":false},"excerpt":{"rendered":"<p>Cada arcano act\u00faa en los tres planos de existencia (espiritual, mental y f\u00edsico), lo cual se muestra en los tres representados en cada carta. Adem\u00e1s, en cada carta se expresa la influencia del arquetipo de los dioses egipcios y las costumbres del antiguo Egipto. Tambi\u00e9n se observa la relaci\u00f3n con la Astrolog\u00eda y las letras [&hellip;]<!-- AddThis Advanced Settings generic via filter on get_the_excerpt --><!-- AddThis Share Buttons generic via filter on get_the_excerpt --><\/p>\n","protected":false},"author":1,"featured_media":0,"parent":0,"menu_order":0,"comment_status":"closed","ping_status":"closed","template":"","meta":{"footnotes":""},"class_list":["post-1603","page","type-page","status-publish","hentry"],"_links":{"self":[{"href":"https:\/\/www.aztlan.org.ar\/cursosonline\/wp-json\/wp\/v2\/pages\/1603","targetHints":{"allow":["GET"]}}],"collection":[{"href":"https:\/\/www.aztlan.org.ar\/cursosonline\/wp-json\/wp\/v2\/pages"}],"about":[{"href":"https:\/\/www.aztlan.org.ar\/cursosonline\/wp-json\/wp\/v2\/types\/page"}],"author":[{"embeddable":true,"href":"https:\/\/www.aztlan.org.ar\/cursosonline\/wp-json\/wp\/v2\/users\/1"}],"replies":[{"embeddable":true,"href":"https:\/\/www.aztlan.org.ar\/cursosonline\/wp-json\/wp\/v2\/comments?post=1603"}],"version-history":[{"count":13,"href":"https:\/\/www.aztlan.org.ar\/cursosonline\/wp-json\/wp\/v2\/pages\/1603\/revisions"}],"predecessor-version":[{"id":1610,"href":"https:\/\/www.aztlan.org.ar\/cursosonline\/wp-json\/wp\/v2\/pages\/1603\/revisions\/1610"}],"wp:attachment":[{"href":"https:\/\/www.aztlan.org.ar\/cursosonline\/wp-json\/wp\/v2\/media?parent=1603"}],"curies":[{"name":"wp","href":"https:\/\/api.w.org\/{rel}","templated":true}]}}