{"id":1579,"date":"2018-11-30T22:45:56","date_gmt":"2018-11-30T22:45:56","guid":{"rendered":"http:\/\/www.aztlan.org.ar\/cursosonline\/?page_id=1579"},"modified":"2019-02-19T02:19:14","modified_gmt":"2019-02-19T02:19:14","slug":"arcanos-menores","status":"publish","type":"page","link":"https:\/\/www.aztlan.org.ar\/cursosonline\/arcanos-menores\/","title":{"rendered":"Los 56 Arcanos Menores del Tarot: Marsella y Rider Waite"},"content":{"rendered":"<div id=\"pl-1579\"  class=\"panel-layout\" ><div id=\"pg-1579-0\"  class=\"panel-grid panel-has-style\" ><div class=\"panel-row-style panel-row-style-for-1579-0\" ><div id=\"pgc-1579-0-0\"  class=\"panel-grid-cell\" ><div id=\"panel-1579-0-0-0\" class=\"so-panel widget panel-first-child\" data-index=\"0\" ><\/div><div id=\"panel-1579-0-0-1\" class=\"so-panel widget\" data-index=\"1\" ><\/div><div id=\"panel-1579-0-0-2\" class=\"so-panel widget widget_text\" data-index=\"2\" >\t\t\t<div class=\"textwidget\"><div>\n<h3>\u00bfCu\u00e1l es la modalidad de los cursos?<\/h3>\n<p>El curso de Arcanos Menores a distancia consta de 4 clases en video. Cada clase dura 50min. aproximadamente.<\/p>\n<\/div>\n<div>\n<h3>\u00bfC\u00f3mo recibo las clases?<\/h3>\n<p>Podr\u00e1 descargar las clases semanalmente desde nuestro sitio web con su usuario.<\/p>\n<\/div>\n<div>\n<h3>\u00bfC\u00f3mo es la relaci\u00f3n con el profesor tutor?<\/h3>\n<p>Se contactar\u00e1 v\u00eda e-mail con el profesor a cargo del curso, quien ser\u00e1 su profesor tutor y personalmente responder\u00e1 sus dudas.<\/p>\n<h3>\u00bfCu\u00e1l es el valor del curso?<\/h3>\n<p>U$S 100<\/p>\n<\/div>\n<div>\n<h3>\u00bfCu\u00e1les son los medio de pago disponibles?<\/h3>\n<ul>\n<li>Transferencia bancaria<\/li>\n<li>Dep\u00f3sito bancario<\/li>\n<li>Western Union<\/li>\n<li>Mercado Pago<\/li>\n<li>Pay Pal<\/li>\n<\/ul>\n<\/div>\n<\/div>\n\t\t<\/div><div id=\"panel-1579-0-0-3\" class=\"so-panel widget widget_text panel-last-child\" data-index=\"3\" >\t\t\t<div class=\"textwidget\"><h2 class=\"title\">Programa<\/h2>\n<p>\u2022 Arcanos Menores: Simbolog\u00eda \/ Adivinaci\u00f3n.<br \/>\n\u2022 Numerolog\u00eda y Tarot. El significado de los n\u00fameros del 1 al 10.<br \/>\n\u2022 La Energ\u00eda de los 4 Elementos en el Tarot. Los 4 Palos: Bastos, Espadas, Copas y Oros.<br \/>\n\u2022 Palabras y conceptos claves de cada una de las 56 cartas.<br \/>\n\u2022 Las Figuras de la Corte: Reyes, Reinas, Caballeros y Sotas.<br \/>\n\u2022 Tiradas con Arcanos Menores.. La Tirada Astrologica<\/p>\n<\/div>\n\t\t<\/div><\/div><\/div><\/div><div id=\"pg-1579-1\"  class=\"panel-grid panel-has-style\" ><div class=\"panel-row-style panel-row-style-for-1579-1\" ><div id=\"pgc-1579-1-0\"  class=\"panel-grid-cell\" ><div id=\"panel-1579-1-0-0\" class=\"so-panel widget panel-first-child panel-last-child\" data-index=\"4\" ><div class=\"panel-widget-style panel-widget-style-for-1579-1-0-0\" ><\/div><\/div><\/div><div id=\"pgc-1579-1-1\"  class=\"panel-grid-cell\" ><div id=\"panel-1579-1-1-0\" class=\"so-panel widget widget_text panel-first-child panel-last-child\" data-index=\"5\" ><div class=\"panel-widget-style panel-widget-style-for-1579-1-1-0\" >\t\t\t<div class=\"textwidget\"><p>Valor del curso USD 200<\/p>\n<\/div>\n\t\t<\/div><\/div><\/div><\/div><\/div><\/div><!-- AddThis Advanced Settings generic via filter on the_content --><!-- AddThis Share Buttons generic via filter on the_content -->","protected":false},"excerpt":{"rendered":"<p>\u00bfCu\u00e1l es la modalidad de los cursos? El curso de Arcanos Menores a distancia consta de 4 clases en video. Cada clase dura 50min. aproximadamente. \u00bfC\u00f3mo recibo las clases? Podr\u00e1 descargar las clases semanalmente desde nuestro sitio web con su usuario. \u00bfC\u00f3mo es la relaci\u00f3n con el profesor tutor? Se contactar\u00e1 v\u00eda e-mail con el [&hellip;]<!-- AddThis Advanced Settings generic via filter on get_the_excerpt --><!-- AddThis Share Buttons generic via filter on get_the_excerpt --><\/p>\n","protected":false},"author":1,"featured_media":0,"parent":0,"menu_order":0,"comment_status":"closed","ping_status":"closed","template":"","meta":{"footnotes":""},"class_list":["post-1579","page","type-page","status-publish","hentry"],"_links":{"self":[{"href":"https:\/\/www.aztlan.org.ar\/cursosonline\/wp-json\/wp\/v2\/pages\/1579","targetHints":{"allow":["GET"]}}],"collection":[{"href":"https:\/\/www.aztlan.org.ar\/cursosonline\/wp-json\/wp\/v2\/pages"}],"about":[{"href":"https:\/\/www.aztlan.org.ar\/cursosonline\/wp-json\/wp\/v2\/types\/page"}],"author":[{"embeddable":true,"href":"https:\/\/www.aztlan.org.ar\/cursosonline\/wp-json\/wp\/v2\/users\/1"}],"replies":[{"embeddable":true,"href":"https:\/\/www.aztlan.org.ar\/cursosonline\/wp-json\/wp\/v2\/comments?post=1579"}],"version-history":[{"count":7,"href":"https:\/\/www.aztlan.org.ar\/cursosonline\/wp-json\/wp\/v2\/pages\/1579\/revisions"}],"predecessor-version":[{"id":1726,"href":"https:\/\/www.aztlan.org.ar\/cursosonline\/wp-json\/wp\/v2\/pages\/1579\/revisions\/1726"}],"wp:attachment":[{"href":"https:\/\/www.aztlan.org.ar\/cursosonline\/wp-json\/wp\/v2\/media?parent=1579"}],"curies":[{"name":"wp","href":"https:\/\/api.w.org\/{rel}","templated":true}]}}